{"id":151,"date":"2024-05-21T11:34:35","date_gmt":"2024-05-21T09:34:35","guid":{"rendered":"http:\/\/feuxdete.be\/?page_id=151"},"modified":"2024-05-31T11:40:55","modified_gmt":"2024-05-31T09:40:55","slug":"ethanol","status":"publish","type":"page","link":"https:\/\/feuxdete.be\/index.php\/ethanol\/","title":{"rendered":"Ethanol"},"content":{"rendered":"\n<div class=\"wp-block-cover alignfull\" style=\"margin-top:0;margin-bottom:0;padding-top:0px;padding-bottom:80px;min-height:300px;aspect-ratio:unset;\"><span aria-hidden=\"true\" class=\"wp-block-cover__background has-primary-background-color has-background-dim-100 has-background-dim\"><\/span><img decoding=\"async\" class=\"wp-block-cover__image-background wp-image-4206\" alt=\"\" src=\"https:\/\/tyler.com\/wp-content\/uploads\/2023\/12\/surf-banner1.jpg\" style=\"object-position:100% 50%\" data-object-fit=\"cover\" data-object-position=\"100% 50%\"\/><div class=\"wp-block-cover__inner-container has-global-padding is-layout-constrained wp-container-core-cover-is-layout-d4c6b484 wp-block-cover-is-layout-constrained\">\n<div style=\"height:150px\" aria-hidden=\"true\" class=\"wp-block-spacer\"><\/div>\n\n\n\n<h1 class=\"wp-block-heading has-text-align-center has-text-color has-link-color has-suranna-font-family wp-elements-226590634aa219da5806fbe45cfa0cf2\" style=\"color:#ffffff;font-size:clamp(38.682px, 2.418rem + ((1vw - 6.4px) * 5.206), 72px);font-style:normal;font-weight:500\">\u00c9l\u00e9gance Contemporaine<\/h1>\n<\/div><\/div>\n\n\n\n<div class=\"wp-block-group alignfull has-global-padding is-layout-constrained wp-container-core-group-is-layout-704e782a wp-block-group-is-layout-constrained\" style=\"min-height:0px\">\n<section class=\"wp-block-group has-global-padding is-layout-constrained wp-container-core-group-is-layout-608bbd49 wp-block-group-is-layout-constrained\" style=\"margin-top:0px;padding-top:6rem;padding-right:1rem;padding-bottom:5rem;padding-left:1rem;font-size:clamp(0.875rem, 0.875rem + ((1vw - 0.4rem) * 0.638), 1.13rem);font-style:normal;font-weight:400;line-height:1.4\">\n<div class=\"wp-block-columns is-layout-flex wp-container-core-columns-is-layout-03ad6a19 wp-block-columns-is-layout-flex\" style=\"margin-bottom:0px\">\n<div class=\"wp-block-column is-vertically-aligned-center is-layout-flow wp-block-column-is-layout-flow\" style=\"flex-basis:50%\">\n<figure class=\"wp-block-image aligncenter size-full is-resized\"><img loading=\"lazy\" decoding=\"async\" width=\"1650\" height=\"1650\" src=\"http:\/\/feuxdete.be\/wp-content\/uploads\/2024\/05\/PlanikaCasa_Bodhi_Event-70.jpg\" alt=\"\" class=\"wp-image-223\" style=\"aspect-ratio:1;object-fit:cover;width:450px\" srcset=\"https:\/\/feuxdete.be\/wp-content\/uploads\/2024\/05\/PlanikaCasa_Bodhi_Event-70.jpg 1650w, https:\/\/feuxdete.be\/wp-content\/uploads\/2024\/05\/PlanikaCasa_Bodhi_Event-70-300x300.jpg 300w, https:\/\/feuxdete.be\/wp-content\/uploads\/2024\/05\/PlanikaCasa_Bodhi_Event-70-1024x1024.jpg 1024w, https:\/\/feuxdete.be\/wp-content\/uploads\/2024\/05\/PlanikaCasa_Bodhi_Event-70-150x150.jpg 150w, https:\/\/feuxdete.be\/wp-content\/uploads\/2024\/05\/PlanikaCasa_Bodhi_Event-70-768x768.jpg 768w, https:\/\/feuxdete.be\/wp-content\/uploads\/2024\/05\/PlanikaCasa_Bodhi_Event-70-1536x1536.jpg 1536w\" sizes=\"auto, (max-width: 1650px) 100vw, 1650px\" \/><\/figure>\n<\/div>\n\n\n\n<div class=\"wp-block-column is-vertically-aligned-center has-global-padding is-layout-constrained wp-container-core-column-is-layout-c4a7d96a wp-block-column-is-layout-constrained\" style=\"flex-basis:50%\">\n<h3 class=\"wp-block-heading has-text-align-left has-primary-color has-text-color has-suranna-font-family\" style=\"margin-top:0.5rem;margin-bottom:0rem;font-size:clamp(24.034px, 1.502rem + ((1vw - 6.4px) * 2.495), 40px);font-style:normal;font-weight:500;letter-spacing:0px;line-height:1.3\">Inserts \u00c9thanol<\/h3>\n\n\n\n<hr class=\"wp-block-separator has-text-color has-primary-color has-alpha-channel-opacity has-primary-background-color has-background is-style-default\" style=\"margin-top:var(--wp--preset--spacing--x-small);margin-bottom:var(--wp--preset--spacing--x-small)\"\/>\n\n\n\n<p class=\"has-contrast-color has-text-color has-link-color has-x-small-font-size wp-elements-cb810cb5033935a60740ec69e4c19a66\">D\u00e9couvrez l\u02bc\u00e9l\u00e9gance et la durabilit\u00e9 avec nos foyers \u00e0 l\u02bc\u00e9thanol. Apportez une ambiance chaleureuse et sophistiqu\u00e9e dans n\u2019importe quel espace. Nos foyers \u00e0 l\u02bc\u00e9thanol offrent une alternative \u00e9cologique aux chemin\u00e9es traditionnelles, utilisant un combustible renouvelable et propre pour produire une flamme vive et r\u00e9glable. Son design raffin\u00e9 s\u02bcint\u00e8gre harmonieusement \u00e0 tout d\u00e9cor, apportant une touche de sophistication.<\/p>\n\n\n\n<div style=\"height:15px\" aria-hidden=\"true\" class=\"wp-block-spacer\"><\/div>\n\n\n\n<p class=\"has-x-small-font-size\">Que vous cherchiez \u00e0 cr\u00e9er un point focal \u00e9l\u00e9gant dans votre jardin, \u00e0 sublimer votre espace ext\u00e9rieur ou \u00e0 ajouter du confort \u00e0 votre terrasse, nos foyers \u00e0 l\u02bc\u00e9thanol sont disponibles dans une vari\u00e9t\u00e9 de styles et de configurations pour r\u00e9pondre \u00e0 vos besoins sp\u00e9cifiques. Optez pour une solution durable et esth\u00e9tique qui r\u00e9invente votre espace de vie ext\u00e9rieur avec simplicit\u00e9 et style.<\/p>\n<\/div>\n<\/div>\n<\/section>\n<\/div>\n\n\n\n<div class=\"wp-block-group alignfull has-global-padding is-layout-constrained wp-container-core-group-is-layout-704e782a wp-block-group-is-layout-constrained\" style=\"min-height:0px\">\n<section class=\"wp-block-group has-global-padding is-layout-constrained wp-container-core-group-is-layout-608bbd49 wp-block-group-is-layout-constrained\" style=\"margin-top:0px;padding-top:6rem;padding-right:1rem;padding-bottom:5rem;padding-left:1rem;font-size:clamp(0.875rem, 0.875rem + ((1vw - 0.4rem) * 0.638), 1.13rem);font-style:normal;font-weight:400;line-height:1.4\">\n<div class=\"wp-block-columns are-vertically-aligned-center is-layout-flex wp-container-core-columns-is-layout-03ad6a19 wp-block-columns-is-layout-flex\" style=\"margin-bottom:0px\">\n<div class=\"wp-block-column is-vertically-aligned-center has-global-padding is-layout-constrained wp-container-core-column-is-layout-c4a7d96a wp-block-column-is-layout-constrained\" style=\"flex-basis:50%\">\n<h3 class=\"wp-block-heading has-text-align-left has-primary-color has-text-color has-suranna-font-family\" style=\"margin-top:0.5rem;margin-bottom:0rem;font-size:clamp(24.034px, 1.502rem + ((1vw - 6.4px) * 2.495), 40px);font-style:normal;font-weight:500;letter-spacing:0px;line-height:1.3\">Bruleur \u00e9thanol<\/h3>\n\n\n\n<hr class=\"wp-block-separator has-text-color has-primary-color has-alpha-channel-opacity has-primary-background-color has-background is-style-default\" style=\"margin-top:var(--wp--preset--spacing--x-small);margin-bottom:var(--wp--preset--spacing--x-small)\"\/>\n\n\n\n<p class=\"has-contrast-color has-text-color has-link-color has-x-small-font-size wp-elements-fc170bf77dad9835127c050778b211a6\">D\u00e9couvrez l\u2019\u00e9l\u00e9gance et la durabilit\u00e9 avec nos foyers \u00e0 l\u2019\u00e9thanol. Apportez une ambiance chaleureuse et sophistiqu\u00e9e dans n\u2019importe quel espace. Nos foyers \u00e0 l\u02bc\u00e9thanol offrent une alternative \u00e9cologique aux chemin\u00e9es traditionnelles, en utilisant un combustible renouvelable et propre pour produire une flamme vive et r\u00e9glable. <\/p>\n\n\n\n<div style=\"height:15px\" aria-hidden=\"true\" class=\"wp-block-spacer\"><\/div>\n\n\n\n<p class=\"has-contrast-color has-text-color has-link-color has-x-small-font-size wp-elements-53eb741ee026236dd051fba2838a0276\">Son design raffin\u00e9 s\u02bcint\u00e8gre harmonieusement \u00e0 tout d\u00e9cor, apportant une touche de sophistication. Que vous cherchiez \u00e0 embellir votre salon, \u00e0 transformer votre salle \u00e0 manger en un lieu de rassemblement accueillant, ou \u00e0 cr\u00e9er une ambiance relaxante dans votre chambre \u00e0 coucher, nos foyers \u00e0 l\u02bc\u00e9thanol sont une solution polyvalente et \u00e9l\u00e9gante.<\/p>\n\n\n\n<div style=\"height:15px\" aria-hidden=\"true\" class=\"wp-block-spacer\"><\/div>\n\n\n\n<p class=\"has-contrast-color has-text-color has-link-color has-x-small-font-size wp-elements-e1f549ab057a692ff59806c307f821ab\">Explorez notre collection diversifi\u00e9e de foyers \u00e0 l\u2019\u00e9thanol et d\u00e9couvrez comment ces pi\u00e8ces bien con\u00e7ues peuvent ajouter une touche de modernit\u00e9 et de confort \u00e0 votre espace ext\u00e9rieur. Optez pour une solution durable et esth\u00e9tique qui r\u00e9invente votre espace de vie avec simplicit\u00e9 et style<\/p>\n<\/div>\n\n\n\n<div class=\"wp-block-column is-vertically-aligned-center is-layout-flow wp-block-column-is-layout-flow\" style=\"flex-basis:50%\">\n<figure class=\"wp-block-image aligncenter size-full is-resized\"><img loading=\"lazy\" decoding=\"async\" width=\"1650\" height=\"1650\" src=\"http:\/\/feuxdete.be\/wp-content\/uploads\/2024\/05\/chantico-glassfire-campfire-tabletop-fireplace-2-2-210122-fam-g-arcit18.jpg\" alt=\"\" class=\"wp-image-224\" style=\"aspect-ratio:1;object-fit:cover;width:450px\" srcset=\"https:\/\/feuxdete.be\/wp-content\/uploads\/2024\/05\/chantico-glassfire-campfire-tabletop-fireplace-2-2-210122-fam-g-arcit18.jpg 1650w, https:\/\/feuxdete.be\/wp-content\/uploads\/2024\/05\/chantico-glassfire-campfire-tabletop-fireplace-2-2-210122-fam-g-arcit18-300x300.jpg 300w, https:\/\/feuxdete.be\/wp-content\/uploads\/2024\/05\/chantico-glassfire-campfire-tabletop-fireplace-2-2-210122-fam-g-arcit18-1024x1024.jpg 1024w, https:\/\/feuxdete.be\/wp-content\/uploads\/2024\/05\/chantico-glassfire-campfire-tabletop-fireplace-2-2-210122-fam-g-arcit18-150x150.jpg 150w, https:\/\/feuxdete.be\/wp-content\/uploads\/2024\/05\/chantico-glassfire-campfire-tabletop-fireplace-2-2-210122-fam-g-arcit18-768x768.jpg 768w, https:\/\/feuxdete.be\/wp-content\/uploads\/2024\/05\/chantico-glassfire-campfire-tabletop-fireplace-2-2-210122-fam-g-arcit18-1536x1536.jpg 1536w\" sizes=\"auto, (max-width: 1650px) 100vw, 1650px\" \/><\/figure>\n<\/div>\n<\/div>\n<\/section>\n<\/div>\n\n\n\n<div class=\"wp-block-group alignfull has-global-padding is-layout-constrained wp-container-core-group-is-layout-704e782a wp-block-group-is-layout-constrained\" style=\"min-height:0px\">\n<section class=\"wp-block-group has-global-padding is-layout-constrained wp-container-core-group-is-layout-608bbd49 wp-block-group-is-layout-constrained\" style=\"margin-top:0px;padding-top:6rem;padding-right:1rem;padding-bottom:5rem;padding-left:1rem;font-size:clamp(0.875rem, 0.875rem + ((1vw - 0.4rem) * 0.638), 1.13rem);font-style:normal;font-weight:400;line-height:1.4\">\n<div class=\"wp-block-columns are-vertically-aligned-center is-layout-flex wp-container-core-columns-is-layout-03ad6a19 wp-block-columns-is-layout-flex\" style=\"margin-bottom:0px\">\n<div class=\"wp-block-column is-vertically-aligned-center has-global-padding is-layout-constrained wp-container-core-column-is-layout-c4a7d96a wp-block-column-is-layout-constrained\" style=\"flex-basis:50%\">\n<h3 class=\"wp-block-heading has-text-align-left has-primary-color has-text-color has-suranna-font-family\" style=\"margin-top:0.5rem;margin-bottom:0rem;font-size:clamp(24.034px, 1.502rem + ((1vw - 6.4px) * 2.495), 40px);font-style:normal;font-weight:500;letter-spacing:0px;line-height:1.3\">Ambiance Moderne<\/h3>\n\n\n\n<hr class=\"wp-block-separator has-text-color has-primary-color has-alpha-channel-opacity has-primary-background-color has-background is-style-default\" style=\"margin-top:var(--wp--preset--spacing--x-small);margin-bottom:var(--wp--preset--spacing--x-small)\"\/>\n\n\n\n<p class=\"has-contrast-color has-text-color has-link-color has-x-small-font-size wp-elements-fc170bf77dad9835127c050778b211a6\">D\u00e9couvrez l\u2019\u00e9l\u00e9gance et la durabilit\u00e9 avec nos foyers \u00e0 l\u2019\u00e9thanol. Apportez une ambiance chaleureuse et sophistiqu\u00e9e dans n\u2019importe quel espace. Nos foyers \u00e0 l\u02bc\u00e9thanol offrent une alternative \u00e9cologique aux chemin\u00e9es traditionnelles, en utilisant un combustible renouvelable et propre pour produire une flamme vive et r\u00e9glable. <\/p>\n\n\n\n<div style=\"height:15px\" aria-hidden=\"true\" class=\"wp-block-spacer\"><\/div>\n\n\n\n<p class=\"has-contrast-color has-text-color has-link-color has-x-small-font-size wp-elements-53eb741ee026236dd051fba2838a0276\">Son design raffin\u00e9 s\u02bcint\u00e8gre harmonieusement \u00e0 tout d\u00e9cor, apportant une touche de sophistication. Que vous cherchiez \u00e0 embellir votre salon, \u00e0 transformer votre salle \u00e0 manger en un lieu de rassemblement accueillant, ou \u00e0 cr\u00e9er une ambiance relaxante dans votre chambre \u00e0 coucher, nos foyers \u00e0 l\u02bc\u00e9thanol sont une solution polyvalente et \u00e9l\u00e9gante.<\/p>\n\n\n\n<div style=\"height:15px\" aria-hidden=\"true\" class=\"wp-block-spacer\"><\/div>\n\n\n\n<p class=\"has-contrast-color has-text-color has-link-color has-x-small-font-size wp-elements-e1f549ab057a692ff59806c307f821ab\">Explorez notre collection diversifi\u00e9e de foyers \u00e0 l\u2019\u00e9thanol et d\u00e9couvrez comment ces pi\u00e8ces bien con\u00e7ues peuvent ajouter une touche de modernit\u00e9 et de confort \u00e0 votre espace ext\u00e9rieur. Optez pour une solution durable et esth\u00e9tique qui r\u00e9invente votre espace de vie avec simplicit\u00e9 et style<\/p>\n<\/div>\n\n\n\n<div class=\"wp-block-column is-vertically-aligned-center is-layout-flow wp-block-column-is-layout-flow\" style=\"flex-basis:50%\">\n<figure class=\"wp-block-image aligncenter size-full is-resized\"><img loading=\"lazy\" decoding=\"async\" width=\"1650\" height=\"1650\" src=\"http:\/\/feuxdete.be\/wp-content\/uploads\/2024\/05\/faro-smooth-design-1920x0-c-default.jpg\" alt=\"\" class=\"wp-image-225\" style=\"aspect-ratio:1;object-fit:cover;width:450px\" srcset=\"https:\/\/feuxdete.be\/wp-content\/uploads\/2024\/05\/faro-smooth-design-1920x0-c-default.jpg 1650w, https:\/\/feuxdete.be\/wp-content\/uploads\/2024\/05\/faro-smooth-design-1920x0-c-default-300x300.jpg 300w, https:\/\/feuxdete.be\/wp-content\/uploads\/2024\/05\/faro-smooth-design-1920x0-c-default-1024x1024.jpg 1024w, https:\/\/feuxdete.be\/wp-content\/uploads\/2024\/05\/faro-smooth-design-1920x0-c-default-150x150.jpg 150w, https:\/\/feuxdete.be\/wp-content\/uploads\/2024\/05\/faro-smooth-design-1920x0-c-default-768x768.jpg 768w, https:\/\/feuxdete.be\/wp-content\/uploads\/2024\/05\/faro-smooth-design-1920x0-c-default-1536x1536.jpg 1536w\" sizes=\"auto, (max-width: 1650px) 100vw, 1650px\" \/><\/figure>\n<\/div>\n<\/div>\n<\/section>\n<\/div>\n\n\n\n<section class=\"wp-block-cover alignfull\" style=\"margin-top:0px;padding-top:1.01rem;padding-bottom:1.01rem;min-height:300px;aspect-ratio:unset;\"><span aria-hidden=\"true\" class=\"wp-block-cover__background has-background-dim\" style=\"background-color:#007747\"><\/span><img loading=\"lazy\" decoding=\"async\" width=\"2560\" height=\"1707\" class=\"wp-block-cover__image-background wp-image-327\" alt=\"\" src=\"http:\/\/feuxdete.be\/wp-content\/uploads\/2024\/05\/night-campfire-night-1-scaled.jpg\" style=\"object-position:48% 70%\" data-object-fit=\"cover\" data-object-position=\"48% 70%\" srcset=\"https:\/\/feuxdete.be\/wp-content\/uploads\/2024\/05\/night-campfire-night-1-scaled.jpg 2560w, https:\/\/feuxdete.be\/wp-content\/uploads\/2024\/05\/night-campfire-night-1-300x200.jpg 300w, https:\/\/feuxdete.be\/wp-content\/uploads\/2024\/05\/night-campfire-night-1-1024x683.jpg 1024w, https:\/\/feuxdete.be\/wp-content\/uploads\/2024\/05\/night-campfire-night-1-768x512.jpg 768w, https:\/\/feuxdete.be\/wp-content\/uploads\/2024\/05\/night-campfire-night-1-1536x1024.jpg 1536w, https:\/\/feuxdete.be\/wp-content\/uploads\/2024\/05\/night-campfire-night-1-2048x1365.jpg 2048w\" sizes=\"auto, (max-width: 2560px) 100vw, 2560px\" \/><div class=\"wp-block-cover__inner-container has-global-padding is-layout-constrained wp-container-core-cover-is-layout-b1bebcb3 wp-block-cover-is-layout-constrained\">\n<div class=\"wp-block-group has-text-color is-layout-flow wp-block-group-is-layout-flow\" style=\"color:#fffffd;margin-top:0px;padding-top:0rem;padding-right:1rem;padding-bottom:0rem;padding-left:1rem;font-size:clamp(0.875rem, 0.875rem + ((1vw - 0.4rem) * 0.638), 1.13rem);font-style:normal;font-weight:400;line-height:1.4\">\n<div class=\"wp-block-group has-global-padding is-layout-constrained wp-container-core-group-is-layout-bdbfdc43 wp-block-group-is-layout-constrained\">\n<p class=\"has-text-align-center has-text-color\" style=\"color:#fffffd;margin-bottom:0rem;font-size:clamp(1.507rem, 1.507rem + ((1vw - 0.4rem) * 2.508), 2.51rem);font-style:normal;font-weight:400;line-height:1.2\">Raffinement, durabilit\u00e9, et \u00e9l\u00e9gance sont les piliers de notre entreprise.<\/p>\n<\/div>\n<\/div>\n<\/div><\/section>\n","protected":false},"excerpt":{"rendered":"<p>Inserts \u00c9thanol D\u00e9couvrez l\u02bc\u00e9l\u00e9gance et la durabilit\u00e9 avec nos foyers \u00e0 l\u02bc\u00e9thanol. Apportez une ambiance chaleureuse et sophistiqu\u00e9e dans n\u2019importe quel espace. Nos foyers \u00e0 l\u02bc\u00e9thanol offrent une alternative \u00e9cologique aux chemin\u00e9es traditionnelles, utilisant un combustible renouvelable et propre pour produire une flamme vive et r\u00e9glable. Son design raffin\u00e9 s\u02bcint\u00e8gre harmonieusement \u00e0 tout d\u00e9cor, apportant [&hellip;]<\/p>\n","protected":false},"author":1,"featured_media":0,"parent":0,"menu_order":0,"comment_status":"closed","ping_status":"closed","template":"","meta":{"footnotes":""},"class_list":["post-151","page","type-page","status-publish","hentry"],"_links":{"self":[{"href":"https:\/\/feuxdete.be\/index.php\/wp-json\/wp\/v2\/pages\/151","targetHints":{"allow":["GET"]}}],"collection":[{"href":"https:\/\/feuxdete.be\/index.php\/wp-json\/wp\/v2\/pages"}],"about":[{"href":"https:\/\/feuxdete.be\/index.php\/wp-json\/wp\/v2\/types\/page"}],"author":[{"embeddable":true,"href":"https:\/\/feuxdete.be\/index.php\/wp-json\/wp\/v2\/users\/1"}],"replies":[{"embeddable":true,"href":"https:\/\/feuxdete.be\/index.php\/wp-json\/wp\/v2\/comments?post=151"}],"version-history":[{"count":29,"href":"https:\/\/feuxdete.be\/index.php\/wp-json\/wp\/v2\/pages\/151\/revisions"}],"predecessor-version":[{"id":528,"href":"https:\/\/feuxdete.be\/index.php\/wp-json\/wp\/v2\/pages\/151\/revisions\/528"}],"wp:attachment":[{"href":"https:\/\/feuxdete.be\/index.php\/wp-json\/wp\/v2\/media?parent=151"}],"curies":[{"name":"wp","href":"https:\/\/api.w.org\/{rel}","templated":true}]}}