{"id":154,"date":"2024-05-21T11:37:59","date_gmt":"2024-05-21T09:37:59","guid":{"rendered":"http:\/\/feuxdete.be\/?page_id=154"},"modified":"2024-05-31T15:17:31","modified_gmt":"2024-05-31T13:17:31","slug":"bois","status":"publish","type":"page","link":"https:\/\/feuxdete.be\/index.php\/bois\/","title":{"rendered":"Bois"},"content":{"rendered":"\n<div class=\"wp-block-cover alignfull\" style=\"margin-top:0;margin-bottom:0;padding-top:0px;padding-bottom:80px;min-height:300px;aspect-ratio:unset;\"><span aria-hidden=\"true\" class=\"wp-block-cover__background has-primary-background-color has-background-dim-100 has-background-dim\"><\/span><img decoding=\"async\" class=\"wp-block-cover__image-background wp-image-4206\" alt=\"\" src=\"https:\/\/tyler.com\/wp-content\/uploads\/2023\/12\/surf-banner1.jpg\" style=\"object-position:100% 50%\" data-object-fit=\"cover\" data-object-position=\"100% 50%\"\/><div class=\"wp-block-cover__inner-container has-global-padding is-layout-constrained wp-container-core-cover-is-layout-d4c6b484 wp-block-cover-is-layout-constrained\">\n<div style=\"height:150px\" aria-hidden=\"true\" class=\"wp-block-spacer\"><\/div>\n\n\n\n<h1 class=\"wp-block-heading has-text-align-center has-text-color has-link-color has-suranna-font-family wp-elements-72a2c117a17ac55dc7bde4811bf31a9f\" style=\"color:#ffffff;font-size:clamp(38.682px, 2.418rem + ((1vw - 6.4px) * 5.206), 72px);font-style:normal;font-weight:500\">Transformez Votre Jardin<\/h1>\n<\/div><\/div>\n\n\n\n<div class=\"wp-block-group alignfull has-global-padding is-layout-constrained wp-container-core-group-is-layout-704e782a wp-block-group-is-layout-constrained\">\n<section class=\"wp-block-group has-global-padding is-layout-constrained wp-container-core-group-is-layout-608bbd49 wp-block-group-is-layout-constrained\" style=\"margin-top:0px;padding-top:6rem;padding-right:1rem;padding-bottom:5rem;padding-left:1rem;font-size:clamp(0.875rem, 0.875rem + ((1vw - 0.4rem) * 0.638), 1.13rem);font-style:normal;font-weight:400;line-height:1.4\">\n<div class=\"wp-block-columns is-layout-flex wp-container-core-columns-is-layout-03ad6a19 wp-block-columns-is-layout-flex\" style=\"margin-bottom:0px\">\n<div class=\"wp-block-column is-vertically-aligned-center is-layout-flow wp-block-column-is-layout-flow\" style=\"flex-basis:50%\">\n<figure class=\"wp-block-image alignleft size-full\"><img loading=\"lazy\" decoding=\"async\" width=\"1650\" height=\"1650\" src=\"http:\/\/feuxdete.be\/wp-content\/uploads\/2024\/05\/b_ASTRO-Fireplace-Planika-486931-rel25eca85a-copie.jpg\" alt=\"\" class=\"wp-image-373\" style=\"aspect-ratio:1;object-fit:cover\" srcset=\"https:\/\/feuxdete.be\/wp-content\/uploads\/2024\/05\/b_ASTRO-Fireplace-Planika-486931-rel25eca85a-copie.jpg 1650w, https:\/\/feuxdete.be\/wp-content\/uploads\/2024\/05\/b_ASTRO-Fireplace-Planika-486931-rel25eca85a-copie-300x300.jpg 300w, https:\/\/feuxdete.be\/wp-content\/uploads\/2024\/05\/b_ASTRO-Fireplace-Planika-486931-rel25eca85a-copie-1024x1024.jpg 1024w, https:\/\/feuxdete.be\/wp-content\/uploads\/2024\/05\/b_ASTRO-Fireplace-Planika-486931-rel25eca85a-copie-150x150.jpg 150w, https:\/\/feuxdete.be\/wp-content\/uploads\/2024\/05\/b_ASTRO-Fireplace-Planika-486931-rel25eca85a-copie-768x768.jpg 768w, https:\/\/feuxdete.be\/wp-content\/uploads\/2024\/05\/b_ASTRO-Fireplace-Planika-486931-rel25eca85a-copie-1536x1536.jpg 1536w\" sizes=\"auto, (max-width: 1650px) 100vw, 1650px\" \/><\/figure>\n<\/div>\n\n\n\n<div class=\"wp-block-column is-vertically-aligned-center has-global-padding is-layout-constrained wp-container-core-column-is-layout-c4a7d96a wp-block-column-is-layout-constrained\" style=\"flex-basis:50%\">\n<h3 class=\"wp-block-heading has-text-align-left has-primary-color has-text-color has-suranna-font-family\" style=\"margin-top:0.5rem;margin-bottom:0rem;font-size:clamp(24.034px, 1.502rem + ((1vw - 6.4px) * 2.495), 40px);font-style:normal;font-weight:500;letter-spacing:0px;line-height:1.3\">Cr\u00e9er l&rsquo;ambiance ext\u00e9rieure parfaite<\/h3>\n\n\n\n<hr class=\"wp-block-separator has-text-color has-primary-color has-alpha-channel-opacity has-primary-background-color has-background is-style-default\" style=\"margin-top:var(--wp--preset--spacing--x-small);margin-bottom:var(--wp--preset--spacing--x-small)\"\/>\n\n\n\n<p class=\"has-x-small-font-size\">Transformez votre jardin en un espace chaleureux et accueillant avec notre gamme exclusive de chemin\u00e9es, braseros et inserts bois con\u00e7us pour l&rsquo;ext\u00e9rieur. Que vous aimiez vous d\u00e9tendre apr\u00e8s une longue journ\u00e9e ou recevoir des amis et la famille, nos produits sont parfaits pour cr\u00e9er une atmosph\u00e8re conviviale et confortable en plein air.<\/p>\n\n\n\n<div style=\"height:15px\" aria-hidden=\"true\" class=\"wp-block-spacer\"><\/div>\n\n\n\n<p class=\"has-x-small-font-size\">Nos chemin\u00e9es ext\u00e9rieures combinent style et fonctionnalit\u00e9, offrant non seulement une source de chaleur agr\u00e9able mais aussi une pi\u00e8ce ma\u00eetresse esth\u00e9tique pour votre espace ext\u00e9rieur. Fabriqu\u00e9es \u00e0 partir de mat\u00e9riaux durables tels que l&rsquo;acier inoxydable ou la fonte, elles sont con\u00e7ues pour r\u00e9sister aux \u00e9l\u00e9ments tout en ajoutant une touche d&rsquo;\u00e9l\u00e9gance \u00e0 votre jardin<\/p>\n<\/div>\n<\/div>\n<\/section>\n\n\n\n<section class=\"wp-block-group has-global-padding is-layout-constrained wp-container-core-group-is-layout-608bbd49 wp-block-group-is-layout-constrained\" style=\"margin-top:0px;padding-top:6rem;padding-right:1rem;padding-bottom:5rem;padding-left:1rem;font-size:clamp(0.875rem, 0.875rem + ((1vw - 0.4rem) * 0.638), 1.13rem);font-style:normal;font-weight:400;line-height:1.4\">\n<div class=\"wp-block-columns is-layout-flex wp-container-core-columns-is-layout-03ad6a19 wp-block-columns-is-layout-flex\" style=\"margin-bottom:0px\">\n<div class=\"wp-block-column is-vertically-aligned-center is-layout-flow wp-block-column-is-layout-flow\" style=\"flex-basis:50%\">\n<h3 class=\"wp-block-heading has-text-align-left has-primary-color has-text-color has-suranna-font-family\" style=\"margin-top:0.5rem;margin-bottom:0rem;font-size:clamp(24.034px, 1.502rem + ((1vw - 6.4px) * 2.495), 40px);font-style:normal;font-weight:500;letter-spacing:0px;line-height:1.3\">Notre passion pour le confort ext\u00e9rieur<\/h3>\n\n\n\n<hr class=\"wp-block-separator has-text-color has-primary-color has-alpha-channel-opacity has-primary-background-color has-background is-style-default\" style=\"margin-top:var(--wp--preset--spacing--x-small);margin-bottom:var(--wp--preset--spacing--x-small)\"\/>\n\n\n\n<p class=\"has-text-align-left has-text-color has-pontano-sans-font-family has-x-small-font-size\" style=\"color:#000000;margin-top:20px;margin-bottom:20px;font-style:normal;font-weight:400;line-height:1.5\">Les braseros sont une option polyvalente pour ceux qui recherchent une ambiance plus informelle. Disponibles dans une vari\u00e9t\u00e9 de tailles et de designs, nos braseros peuvent \u00eatre plac\u00e9s n&rsquo;importe o\u00f9 dans votre jardin pour cr\u00e9er un point focal unique. Que ce soit pour griller des marshmallows en famille ou simplement profiter de la douce lueur des flammes, nos braseros sont faits pour vous<\/p>\n<\/div>\n\n\n\n<div class=\"wp-block-column is-vertically-aligned-center has-global-padding is-layout-constrained wp-container-core-column-is-layout-c4a7d96a wp-block-column-is-layout-constrained\" style=\"flex-basis:50%\">\n<figure class=\"wp-block-image alignright size-full\"><img loading=\"lazy\" decoding=\"async\" width=\"2560\" height=\"1707\" src=\"http:\/\/feuxdete.be\/wp-content\/uploads\/2024\/05\/night-campfire-night-2-scaled.jpg\" alt=\"\" class=\"wp-image-368\" srcset=\"https:\/\/feuxdete.be\/wp-content\/uploads\/2024\/05\/night-campfire-night-2-scaled.jpg 2560w, https:\/\/feuxdete.be\/wp-content\/uploads\/2024\/05\/night-campfire-night-2-300x200.jpg 300w, https:\/\/feuxdete.be\/wp-content\/uploads\/2024\/05\/night-campfire-night-2-1024x683.jpg 1024w, https:\/\/feuxdete.be\/wp-content\/uploads\/2024\/05\/night-campfire-night-2-768x512.jpg 768w, https:\/\/feuxdete.be\/wp-content\/uploads\/2024\/05\/night-campfire-night-2-1536x1024.jpg 1536w, https:\/\/feuxdete.be\/wp-content\/uploads\/2024\/05\/night-campfire-night-2-2048x1365.jpg 2048w\" sizes=\"auto, (max-width: 2560px) 100vw, 2560px\" \/><\/figure>\n<\/div>\n<\/div>\n<\/section>\n\n\n\n<section class=\"wp-block-group has-global-padding is-layout-constrained wp-container-core-group-is-layout-608bbd49 wp-block-group-is-layout-constrained\" style=\"margin-top:0px;padding-top:6rem;padding-right:1rem;padding-bottom:5rem;padding-left:1rem;font-size:clamp(0.875rem, 0.875rem + ((1vw - 0.4rem) * 0.638), 1.13rem);font-style:normal;font-weight:400;line-height:1.4\">\n<div class=\"wp-block-columns is-layout-flex wp-container-core-columns-is-layout-03ad6a19 wp-block-columns-is-layout-flex\" style=\"margin-bottom:0px\">\n<div class=\"wp-block-column is-vertically-aligned-center is-layout-flow wp-block-column-is-layout-flow\" style=\"flex-basis:50%\">\n<figure class=\"wp-block-image alignleft size-full\"><img loading=\"lazy\" decoding=\"async\" width=\"2560\" height=\"1702\" src=\"http:\/\/feuxdete.be\/wp-content\/uploads\/2024\/05\/gros-plan-feu-camp-du-bois-brulant-flamme-nue-nuit-scaled.jpg\" alt=\"\" class=\"wp-image-372\" style=\"aspect-ratio:1;object-fit:cover\" srcset=\"https:\/\/feuxdete.be\/wp-content\/uploads\/2024\/05\/gros-plan-feu-camp-du-bois-brulant-flamme-nue-nuit-scaled.jpg 2560w, https:\/\/feuxdete.be\/wp-content\/uploads\/2024\/05\/gros-plan-feu-camp-du-bois-brulant-flamme-nue-nuit-300x199.jpg 300w, https:\/\/feuxdete.be\/wp-content\/uploads\/2024\/05\/gros-plan-feu-camp-du-bois-brulant-flamme-nue-nuit-1024x681.jpg 1024w, https:\/\/feuxdete.be\/wp-content\/uploads\/2024\/05\/gros-plan-feu-camp-du-bois-brulant-flamme-nue-nuit-768x511.jpg 768w, https:\/\/feuxdete.be\/wp-content\/uploads\/2024\/05\/gros-plan-feu-camp-du-bois-brulant-flamme-nue-nuit-1536x1021.jpg 1536w, https:\/\/feuxdete.be\/wp-content\/uploads\/2024\/05\/gros-plan-feu-camp-du-bois-brulant-flamme-nue-nuit-2048x1362.jpg 2048w\" sizes=\"auto, (max-width: 2560px) 100vw, 2560px\" \/><\/figure>\n<\/div>\n\n\n\n<div class=\"wp-block-column is-vertically-aligned-center has-global-padding is-layout-constrained wp-container-core-column-is-layout-c4a7d96a wp-block-column-is-layout-constrained\" style=\"flex-basis:50%\">\n<h3 class=\"wp-block-heading has-text-align-left has-primary-color has-text-color has-suranna-font-family\" style=\"margin-top:0.5rem;margin-bottom:0rem;font-size:clamp(24.034px, 1.502rem + ((1vw - 6.4px) * 2.495), 40px);font-style:normal;font-weight:500;letter-spacing:0px;line-height:1.3\">Chaleur invitante<\/h3>\n\n\n\n<hr class=\"wp-block-separator has-text-color has-primary-color has-alpha-channel-opacity has-primary-background-color has-background is-style-default\" style=\"margin-top:var(--wp--preset--spacing--x-small);margin-bottom:var(--wp--preset--spacing--x-small)\"\/>\n\n\n\n<p class=\"has-contrast-color has-text-color has-link-color has-x-small-font-size wp-elements-291e6b0beeb87adb8ca5afd232dc3708\">Si vous pr\u00e9f\u00e9rez l&rsquo;authenticit\u00e9 d&rsquo;un feu de bois, nos inserts bois pour l&rsquo;ext\u00e9rieur sont la solution id\u00e9ale. Installez-les dans votre terrasse ou votre patio pour profiter de la chaleur naturelle et de l&rsquo;ambiance apaisante du feu de bois sans compromettre le confort moderne.<\/p>\n\n\n\n<div style=\"height:15px\" aria-hidden=\"true\" class=\"wp-block-spacer\"><\/div>\n\n\n\n<p class=\"has-contrast-color has-text-color has-link-color has-x-small-font-size wp-elements-95b97a6b48039863e879016b0ce268cb\">Chez Les Feux d\u2019\u00c9t\u00e9, nous mettons un point d\u2019honneur \u00e0 fournir des produits de haute qualit\u00e9 qui am\u00e9liorent votre exp\u00e9rience en plein air. Explorez notre collection aujourd&rsquo;hui et d\u00e9couvrez comment nos chemin\u00e9es, braseros et inserts bois peuvent transformer votre jardin ou votre terrasse en un espace de d\u00e9tente et de convivialit\u00e9 tout au long de l&rsquo;ann\u00e9e.<\/p>\n<\/div>\n<\/div>\n<\/section>\n<\/div>\n\n\n\n<section class=\"wp-block-cover alignfull\" style=\"margin-top:0px;padding-top:1.01rem;padding-bottom:1.01rem;min-height:300px;aspect-ratio:unset;\"><span aria-hidden=\"true\" class=\"wp-block-cover__background has-background-dim\" style=\"background-color:#007747\"><\/span><img loading=\"lazy\" decoding=\"async\" width=\"2560\" height=\"1707\" class=\"wp-block-cover__image-background wp-image-327\" alt=\"\" src=\"http:\/\/feuxdete.be\/wp-content\/uploads\/2024\/05\/night-campfire-night-1-scaled.jpg\" style=\"object-position:48% 70%\" data-object-fit=\"cover\" data-object-position=\"48% 70%\" srcset=\"https:\/\/feuxdete.be\/wp-content\/uploads\/2024\/05\/night-campfire-night-1-scaled.jpg 2560w, https:\/\/feuxdete.be\/wp-content\/uploads\/2024\/05\/night-campfire-night-1-300x200.jpg 300w, https:\/\/feuxdete.be\/wp-content\/uploads\/2024\/05\/night-campfire-night-1-1024x683.jpg 1024w, https:\/\/feuxdete.be\/wp-content\/uploads\/2024\/05\/night-campfire-night-1-768x512.jpg 768w, https:\/\/feuxdete.be\/wp-content\/uploads\/2024\/05\/night-campfire-night-1-1536x1024.jpg 1536w, https:\/\/feuxdete.be\/wp-content\/uploads\/2024\/05\/night-campfire-night-1-2048x1365.jpg 2048w\" sizes=\"auto, (max-width: 2560px) 100vw, 2560px\" \/><div class=\"wp-block-cover__inner-container has-global-padding is-layout-constrained wp-container-core-cover-is-layout-b1bebcb3 wp-block-cover-is-layout-constrained\">\n<div class=\"wp-block-group has-text-color is-layout-flow wp-block-group-is-layout-flow\" style=\"color:#fffffd;margin-top:0px;padding-top:0rem;padding-right:1rem;padding-bottom:0rem;padding-left:1rem;font-size:clamp(0.875rem, 0.875rem + ((1vw - 0.4rem) * 0.638), 1.13rem);font-style:normal;font-weight:400;line-height:1.4\">\n<div class=\"wp-block-group has-global-padding is-layout-constrained wp-container-core-group-is-layout-bdbfdc43 wp-block-group-is-layout-constrained\">\n<p class=\"has-text-align-center has-text-color\" style=\"color:#fffffd;margin-bottom:0rem;font-size:clamp(1.25rem, 1.25rem + ((1vw - 0.4rem) * 1.875), 2rem);font-style:normal;font-weight:400;line-height:1.2\">Apportez chaleur et \u00e9l\u00e9gance \u00e0 votre maison gr\u00e2ce \u00e0 nos chemin\u00e9es, inserts et foyers exceptionnels.<\/p>\n<\/div>\n<\/div>\n<\/div><\/section>\n","protected":false},"excerpt":{"rendered":"<p>Cr\u00e9er l&rsquo;ambiance ext\u00e9rieure parfaite Transformez votre jardin en un espace chaleureux et accueillant avec notre gamme exclusive de chemin\u00e9es, braseros et inserts bois con\u00e7us pour l&rsquo;ext\u00e9rieur. Que vous aimiez vous d\u00e9tendre apr\u00e8s une longue journ\u00e9e ou recevoir des amis et la famille, nos produits sont parfaits pour cr\u00e9er une atmosph\u00e8re conviviale et confortable en plein [&hellip;]<\/p>\n","protected":false},"author":1,"featured_media":0,"parent":0,"menu_order":0,"comment_status":"closed","ping_status":"closed","template":"","meta":{"footnotes":""},"class_list":["post-154","page","type-page","status-publish","hentry"],"_links":{"self":[{"href":"https:\/\/feuxdete.be\/index.php\/wp-json\/wp\/v2\/pages\/154","targetHints":{"allow":["GET"]}}],"collection":[{"href":"https:\/\/feuxdete.be\/index.php\/wp-json\/wp\/v2\/pages"}],"about":[{"href":"https:\/\/feuxdete.be\/index.php\/wp-json\/wp\/v2\/types\/page"}],"author":[{"embeddable":true,"href":"https:\/\/feuxdete.be\/index.php\/wp-json\/wp\/v2\/users\/1"}],"replies":[{"embeddable":true,"href":"https:\/\/feuxdete.be\/index.php\/wp-json\/wp\/v2\/comments?post=154"}],"version-history":[{"count":46,"href":"https:\/\/feuxdete.be\/index.php\/wp-json\/wp\/v2\/pages\/154\/revisions"}],"predecessor-version":[{"id":571,"href":"https:\/\/feuxdete.be\/index.php\/wp-json\/wp\/v2\/pages\/154\/revisions\/571"}],"wp:attachment":[{"href":"https:\/\/feuxdete.be\/index.php\/wp-json\/wp\/v2\/media?parent=154"}],"curies":[{"name":"wp","href":"https:\/\/api.w.org\/{rel}","templated":true}]}}