{"id":156,"date":"2024-05-21T11:38:20","date_gmt":"2024-05-21T09:38:20","guid":{"rendered":"http:\/\/feuxdete.be\/?page_id=156"},"modified":"2024-05-31T11:50:06","modified_gmt":"2024-05-31T09:50:06","slug":"gaz","status":"publish","type":"page","link":"https:\/\/feuxdete.be\/index.php\/gaz\/","title":{"rendered":"Gaz"},"content":{"rendered":"\n<div class=\"wp-block-cover alignfull\" style=\"margin-top:0;margin-bottom:0;padding-top:0px;padding-bottom:80px;min-height:300px;aspect-ratio:unset;\"><span aria-hidden=\"true\" class=\"wp-block-cover__background has-primary-background-color has-background-dim-100 has-background-dim\"><\/span><img decoding=\"async\" class=\"wp-block-cover__image-background wp-image-4206\" alt=\"\" src=\"https:\/\/tyler.com\/wp-content\/uploads\/2023\/12\/surf-banner1.jpg\" style=\"object-position:100% 50%\" data-object-fit=\"cover\" data-object-position=\"100% 50%\"\/><div class=\"wp-block-cover__inner-container has-global-padding is-layout-constrained wp-container-core-cover-is-layout-d4c6b484 wp-block-cover-is-layout-constrained\">\n<div style=\"height:150px\" aria-hidden=\"true\" class=\"wp-block-spacer\"><\/div>\n\n\n\n<h1 class=\"wp-block-heading has-text-align-center has-text-color has-link-color has-suranna-font-family wp-elements-72a2c117a17ac55dc7bde4811bf31a9f\" style=\"color:#ffffff;font-size:clamp(38.682px, 2.418rem + ((1vw - 6.4px) * 5.206), 72px);font-style:normal;font-weight:500\">Transformez Votre Jardin<\/h1>\n<\/div><\/div>\n\n\n\n<div class=\"wp-block-group alignfull has-global-padding is-layout-constrained wp-container-core-group-is-layout-704e782a wp-block-group-is-layout-constrained\">\n<section class=\"wp-block-group has-global-padding is-layout-constrained wp-container-core-group-is-layout-608bbd49 wp-block-group-is-layout-constrained\" style=\"margin-top:0px;padding-top:6rem;padding-right:1rem;padding-bottom:5rem;padding-left:1rem;font-size:clamp(0.875rem, 0.875rem + ((1vw - 0.4rem) * 0.638), 1.13rem);font-style:normal;font-weight:400;line-height:1.4\">\n<div class=\"wp-block-columns is-layout-flex wp-container-core-columns-is-layout-03ad6a19 wp-block-columns-is-layout-flex\" style=\"margin-bottom:0px\">\n<div class=\"wp-block-column is-vertically-aligned-center is-layout-flow wp-block-column-is-layout-flow\" style=\"flex-basis:50%\">\n<figure class=\"wp-block-image aligncenter size-full is-resized\"><img loading=\"lazy\" decoding=\"async\" width=\"1960\" height=\"1960\" src=\"http:\/\/feuxdete.be\/wp-content\/uploads\/2024\/05\/Galio_H_Insert_Automatic_2_1024x1024@2x.jpg\" alt=\"\" class=\"wp-image-214\" style=\"aspect-ratio:1;object-fit:cover;width:450px\" srcset=\"https:\/\/feuxdete.be\/wp-content\/uploads\/2024\/05\/Galio_H_Insert_Automatic_2_1024x1024@2x.jpg 1960w, https:\/\/feuxdete.be\/wp-content\/uploads\/2024\/05\/Galio_H_Insert_Automatic_2_1024x1024@2x-300x300.jpg 300w, https:\/\/feuxdete.be\/wp-content\/uploads\/2024\/05\/Galio_H_Insert_Automatic_2_1024x1024@2x-1024x1024.jpg 1024w, https:\/\/feuxdete.be\/wp-content\/uploads\/2024\/05\/Galio_H_Insert_Automatic_2_1024x1024@2x-150x150.jpg 150w, https:\/\/feuxdete.be\/wp-content\/uploads\/2024\/05\/Galio_H_Insert_Automatic_2_1024x1024@2x-768x768.jpg 768w, https:\/\/feuxdete.be\/wp-content\/uploads\/2024\/05\/Galio_H_Insert_Automatic_2_1024x1024@2x-1536x1536.jpg 1536w\" sizes=\"auto, (max-width: 1960px) 100vw, 1960px\" \/><\/figure>\n<\/div>\n\n\n\n<div class=\"wp-block-column is-vertically-aligned-center has-global-padding is-layout-constrained wp-container-core-column-is-layout-c4a7d96a wp-block-column-is-layout-constrained\" style=\"flex-basis:50%\">\n<h3 class=\"wp-block-heading has-text-align-left has-primary-color has-text-color has-suranna-font-family\" style=\"margin-top:0.5rem;margin-bottom:0rem;font-size:clamp(24.034px, 1.502rem + ((1vw - 6.4px) * 2.495), 40px);font-style:normal;font-weight:500;letter-spacing:0px;line-height:1.3\"><strong>Inserts contemporains<\/strong><\/h3>\n\n\n\n<hr class=\"wp-block-separator has-text-color has-primary-color has-alpha-channel-opacity has-primary-background-color has-background is-style-default\" style=\"margin-top:var(--wp--preset--spacing--x-small);margin-bottom:var(--wp--preset--spacing--x-small)\"\/>\n\n\n\n<p class=\"has-x-small-font-size\">Rehaussez votre espace avec nos inserts contemporains, con\u00e7us \u00e0 la fois pour la performance et l\u2019esth\u00e9tique. Nos inserts et foyers \u00e0 gaz contemporains offrent une flamme vibrante et r\u00e9glable, cr\u00e9ant une ambiance accueillante et chaleureuse.<\/p>\n\n\n\n<p class=\"has-x-small-font-size\">Leur design sophistiqu\u00e9 s\u2019int\u00e8gre parfaitement \u00e0 tout d\u00e9cor, ajoutant une touche de modernit\u00e9 et de raffinement.<\/p>\n\n\n\n<div style=\"height:15px\" aria-hidden=\"true\" class=\"wp-block-spacer\"><\/div>\n\n\n\n<p class=\"has-x-small-font-size\">Que vous cherchiez \u00e0 cr\u00e9er un point focal \u00e9l\u00e9gant dans votre jardin, \u00e0 sublimer votre espace ext\u00e9rieur ou \u00e0 ajouter du confort \u00e0 votre terrasse, nos inserts et foyers \u00e0 gaz sont disponibles dans une vari\u00e9t\u00e9 de styles et de configurations pour r\u00e9pondre \u00e0 vos besoins sp\u00e9cifiques.<\/p>\n\n\n\n<div style=\"height:15px\" aria-hidden=\"true\" class=\"wp-block-spacer\"><\/div>\n\n\n\n<p class=\"has-x-small-font-size\">Explorez notre collection vari\u00e9e d\u2019inserts et de foyers \u00e0 gaz et d\u00e9couvrez comment ces pi\u00e8ces bien fabriqu\u00e9es peuvent enrichir votre ext\u00e9rieur. Choisissez une solution moderne et fonctionnelle qui transformera votre espace en un sanctuaire de style et de confort.<\/p>\n<\/div>\n<\/div>\n<\/section>\n\n\n\n<section class=\"wp-block-group has-global-padding is-layout-constrained wp-container-core-group-is-layout-608bbd49 wp-block-group-is-layout-constrained\" style=\"margin-top:0px;padding-top:6rem;padding-right:1rem;padding-bottom:5rem;padding-left:1rem;font-size:clamp(0.875rem, 0.875rem + ((1vw - 0.4rem) * 0.638), 1.13rem);font-style:normal;font-weight:400;line-height:1.4\">\n<div class=\"wp-block-columns is-layout-flex wp-container-core-columns-is-layout-03ad6a19 wp-block-columns-is-layout-flex\" style=\"margin-bottom:0px\">\n<div class=\"wp-block-column is-vertically-aligned-center is-layout-flow wp-block-column-is-layout-flow\" style=\"flex-basis:50%\">\n<h3 class=\"wp-block-heading has-text-align-left has-primary-color has-text-color has-suranna-font-family\" style=\"margin-top:0.5rem;margin-bottom:0rem;font-size:clamp(24.034px, 1.502rem + ((1vw - 6.4px) * 2.495), 40px);font-style:normal;font-weight:500;letter-spacing:0px;line-height:1.3\"><strong>Le chauffage efficace<\/strong><\/h3>\n\n\n\n<hr class=\"wp-block-separator has-text-color has-primary-color has-alpha-channel-opacity has-primary-background-color has-background is-style-default\" style=\"margin-top:var(--wp--preset--spacing--x-small);margin-bottom:var(--wp--preset--spacing--x-small)\"\/>\n\n\n\n<p class=\"has-x-small-font-size\">Faites l\u2019exp\u00e9rience d\u2019un chauffage efficace gr\u00e2ce \u00e0 nos chemin\u00e9es \u00e0 gaz modernes, con\u00e7ues pour r\u00e9chauffer efficacement votre espace tout en y ajoutant une touche de sophistication. Nos chemin\u00e9es \u00e0 gaz efficaces offrent une solution \u00e9l\u00e9gante et contemporaine pour r\u00e9chauffer et illuminer vos belles soir\u00e9es d\u2019\u00e9t\u00e9, cr\u00e9ant une atmosph\u00e8re confortable pour la d\u00e9tente et le plaisir.<\/p>\n\n\n\n<p class=\"has-x-small-font-size\">Gr\u00e2ce \u00e0 leur design \u00e9l\u00e9gant et fonctionnel, nos chemin\u00e9es \u00e0 gaz s\u2019int\u00e8grent parfaitement, offrant une option de chauffage moderne et \u00e9l\u00e9gante sans les inconv\u00e9nients des chemin\u00e9es traditionnelles. Que vous souhaitiez am\u00e9liorer l\u2019ambiance de votre ext\u00e9rieur, transformer votre terrasse en un lieu de d\u00e9tente \u00e9l\u00e9gant ou ajouter de la chaleur \u00e0 table d\u2019\u00e9t\u00e9, nos chemin\u00e9es \u00e0 gaz efficaces offrent des solutions de chauffage polyvalentes qui r\u00e9pondent \u00e0 vos besoins sp\u00e9cifiques.<\/p>\n\n\n\n<p class=\"has-x-small-font-size\">D\u00e9couvrez notre gamme vari\u00e9e de foyers \u00e0 gaz efficaces et trouvez la solution de chauffage id\u00e9ale. Optez pour une option contemporaine et pratique qui apporte \u00e0 la fois chaleur et style \u00e0 votre espace de vie.<\/p>\n<\/div>\n\n\n\n<div class=\"wp-block-column is-vertically-aligned-center has-global-padding is-layout-constrained wp-container-core-column-is-layout-c4a7d96a wp-block-column-is-layout-constrained\" style=\"flex-basis:50%\">\n<figure class=\"wp-block-image aligncenter size-full is-resized\"><img loading=\"lazy\" decoding=\"async\" width=\"1650\" height=\"1650\" src=\"http:\/\/feuxdete.be\/wp-content\/uploads\/2024\/05\/Galio_H_Insert_Automatic_1_1024x1024@2x-copie.jpg\" alt=\"\" class=\"wp-image-216\" style=\"aspect-ratio:1;object-fit:cover;width:450px\" srcset=\"https:\/\/feuxdete.be\/wp-content\/uploads\/2024\/05\/Galio_H_Insert_Automatic_1_1024x1024@2x-copie.jpg 1650w, https:\/\/feuxdete.be\/wp-content\/uploads\/2024\/05\/Galio_H_Insert_Automatic_1_1024x1024@2x-copie-300x300.jpg 300w, https:\/\/feuxdete.be\/wp-content\/uploads\/2024\/05\/Galio_H_Insert_Automatic_1_1024x1024@2x-copie-1024x1024.jpg 1024w, https:\/\/feuxdete.be\/wp-content\/uploads\/2024\/05\/Galio_H_Insert_Automatic_1_1024x1024@2x-copie-150x150.jpg 150w, https:\/\/feuxdete.be\/wp-content\/uploads\/2024\/05\/Galio_H_Insert_Automatic_1_1024x1024@2x-copie-768x768.jpg 768w, https:\/\/feuxdete.be\/wp-content\/uploads\/2024\/05\/Galio_H_Insert_Automatic_1_1024x1024@2x-copie-1536x1536.jpg 1536w\" sizes=\"auto, (max-width: 1650px) 100vw, 1650px\" \/><\/figure>\n<\/div>\n<\/div>\n<\/section>\n\n\n\n<section class=\"wp-block-group has-global-padding is-layout-constrained wp-container-core-group-is-layout-608bbd49 wp-block-group-is-layout-constrained\" style=\"margin-top:0px;padding-top:6rem;padding-right:1rem;padding-bottom:5rem;padding-left:1rem;font-size:clamp(0.875rem, 0.875rem + ((1vw - 0.4rem) * 0.638), 1.13rem);font-style:normal;font-weight:400;line-height:1.4\">\n<div class=\"wp-block-columns is-layout-flex wp-container-core-columns-is-layout-03ad6a19 wp-block-columns-is-layout-flex\" style=\"margin-bottom:0px\">\n<div class=\"wp-block-column is-vertically-aligned-center is-layout-flow wp-block-column-is-layout-flow\" style=\"flex-basis:50%\">\n<figure class=\"wp-block-image aligncenter size-full is-resized\"><img loading=\"lazy\" decoding=\"async\" width=\"1650\" height=\"1650\" src=\"http:\/\/feuxdete.be\/wp-content\/uploads\/2024\/05\/Galio-H-arrangement-3-1-1920x0-c-default.jpg\" alt=\"\" class=\"wp-image-217\" style=\"aspect-ratio:1;object-fit:cover;width:450px\" srcset=\"https:\/\/feuxdete.be\/wp-content\/uploads\/2024\/05\/Galio-H-arrangement-3-1-1920x0-c-default.jpg 1650w, https:\/\/feuxdete.be\/wp-content\/uploads\/2024\/05\/Galio-H-arrangement-3-1-1920x0-c-default-300x300.jpg 300w, https:\/\/feuxdete.be\/wp-content\/uploads\/2024\/05\/Galio-H-arrangement-3-1-1920x0-c-default-1024x1024.jpg 1024w, https:\/\/feuxdete.be\/wp-content\/uploads\/2024\/05\/Galio-H-arrangement-3-1-1920x0-c-default-150x150.jpg 150w, https:\/\/feuxdete.be\/wp-content\/uploads\/2024\/05\/Galio-H-arrangement-3-1-1920x0-c-default-768x768.jpg 768w, https:\/\/feuxdete.be\/wp-content\/uploads\/2024\/05\/Galio-H-arrangement-3-1-1920x0-c-default-1536x1536.jpg 1536w\" sizes=\"auto, (max-width: 1650px) 100vw, 1650px\" \/><\/figure>\n<\/div>\n\n\n\n<div class=\"wp-block-column is-vertically-aligned-center has-global-padding is-layout-constrained wp-container-core-column-is-layout-c4a7d96a wp-block-column-is-layout-constrained\" style=\"flex-basis:50%\">\n<h3 class=\"wp-block-heading has-text-align-left has-primary-color has-text-color has-suranna-font-family\" style=\"margin-top:0.5rem;margin-bottom:0rem;font-size:clamp(24.034px, 1.502rem + ((1vw - 6.4px) * 2.495), 40px);font-style:normal;font-weight:500;letter-spacing:0px;line-height:1.3\"><strong>L\u2019\u00e9l\u00e9gance moderne<\/strong><\/h3>\n\n\n\n<hr class=\"wp-block-separator has-text-color has-primary-color has-alpha-channel-opacity has-primary-background-color has-background is-style-default\" style=\"margin-top:var(--wp--preset--spacing--x-small);margin-bottom:var(--wp--preset--spacing--x-small)\"\/>\n\n\n\n<p class=\"has-x-small-font-size\">Laissez-vous s\u00e9duire par l\u2019\u00e9l\u00e9gance moderne de nos foyers \u00e0 gaz, m\u00e9ticuleusement con\u00e7us pour apporter une touche de sophistication et de chaleur \u00e0 votre espace de vie. Nos foyers \u00e0 gaz modernes constituent un moyen \u00e9l\u00e9gant et efficace d\u2019ajouter de la chaleur et de la beaut\u00e9 \u00e0 n\u2019importe quelle espace, en cr\u00e9ant une atmosph\u00e8re envoutante et luxueuse pour la d\u00e9tente et le divertissement.<\/p>\n\n\n\n<div style=\"height:15px\" aria-hidden=\"true\" class=\"wp-block-spacer\"><\/div>\n\n\n\n<p class=\"has-x-small-font-size\">Gr\u00e2ce \u00e0 leur design contemporain, nos foyers \u00e0 gaz s\u2019int\u00e8grent parfaitement \u00e0 votre d\u00e9cor, insufflant un sentiment de luxe moderne sans les lourdes exigences d\u2019entretien. Que vous cherchiez \u00e0 cr\u00e9er un point focal \u00e9l\u00e9gant dans votre jardin, \u00e0 sublimer votre espace ext\u00e9rieur ou \u00e0 ajouter du confort \u00e0 votre terrasse, nos inserts et foyers \u00e0 gaz sont disponibles dans une vari\u00e9t\u00e9 de styles et de configurations pour r\u00e9pondre \u00e0 vos besoins sp\u00e9cifiques.<\/p>\n\n\n\n<div style=\"height:15px\" aria-hidden=\"true\" class=\"wp-block-spacer\"><\/div>\n\n\n\n<p class=\"has-x-small-font-size\">Explorez notre collection vari\u00e9e d\u2019inserts \u00e0 gaz modernes et d\u00e9couvrez comment ces pi\u00e8ces soigneusement con\u00e7ues peuvent am\u00e9liorer l\u2019ambiance de votre espace ext\u00e9rieur. Choisissez une solution \u00e9l\u00e9gante et fonctionnelle qui apporte une \u00e9l\u00e9gance contemporaine et de la chaleur \u00e0 votre espace de vie.<\/p>\n<\/div>\n<\/div>\n<\/section>\n<\/div>\n\n\n\n<section class=\"wp-block-cover alignfull\" style=\"margin-top:0px;padding-top:1.01rem;padding-bottom:1.01rem;min-height:300px;aspect-ratio:unset;\"><span aria-hidden=\"true\" class=\"wp-block-cover__background has-background-dim\" style=\"background-color:#007747\"><\/span><img loading=\"lazy\" decoding=\"async\" width=\"2560\" height=\"1707\" class=\"wp-block-cover__image-background wp-image-327\" alt=\"\" src=\"http:\/\/feuxdete.be\/wp-content\/uploads\/2024\/05\/night-campfire-night-1-scaled.jpg\" style=\"object-position:48% 70%\" data-object-fit=\"cover\" data-object-position=\"48% 70%\" srcset=\"https:\/\/feuxdete.be\/wp-content\/uploads\/2024\/05\/night-campfire-night-1-scaled.jpg 2560w, https:\/\/feuxdete.be\/wp-content\/uploads\/2024\/05\/night-campfire-night-1-300x200.jpg 300w, https:\/\/feuxdete.be\/wp-content\/uploads\/2024\/05\/night-campfire-night-1-1024x683.jpg 1024w, https:\/\/feuxdete.be\/wp-content\/uploads\/2024\/05\/night-campfire-night-1-768x512.jpg 768w, https:\/\/feuxdete.be\/wp-content\/uploads\/2024\/05\/night-campfire-night-1-1536x1024.jpg 1536w, https:\/\/feuxdete.be\/wp-content\/uploads\/2024\/05\/night-campfire-night-1-2048x1365.jpg 2048w\" sizes=\"auto, (max-width: 2560px) 100vw, 2560px\" \/><div class=\"wp-block-cover__inner-container has-global-padding is-layout-constrained wp-container-core-cover-is-layout-b1bebcb3 wp-block-cover-is-layout-constrained\">\n<div class=\"wp-block-group has-text-color is-layout-flow wp-block-group-is-layout-flow\" style=\"color:#fffffd;margin-top:0px;padding-top:0rem;padding-right:1rem;padding-bottom:0rem;padding-left:1rem;font-size:clamp(0.875rem, 0.875rem + ((1vw - 0.4rem) * 0.638), 1.13rem);font-style:normal;font-weight:400;line-height:1.4\">\n<div class=\"wp-block-group has-global-padding is-layout-constrained wp-container-core-group-is-layout-bdbfdc43 wp-block-group-is-layout-constrained\">\n<p class=\"has-text-align-center has-text-color\" style=\"color:#fffffd;margin-bottom:0rem;font-size:clamp(1.25rem, 1.25rem + ((1vw - 0.4rem) * 1.875), 2rem);font-style:normal;font-weight:400;line-height:1.2\">Transformer les maisons avec une \u00e9l\u00e9gance moderne et chaleureuse depuis plus d&rsquo;une d\u00e9cennie.<\/p>\n<\/div>\n<\/div>\n<\/div><\/section>\n","protected":false},"excerpt":{"rendered":"<p>Inserts contemporains Rehaussez votre espace avec nos inserts contemporains, con\u00e7us \u00e0 la fois pour la performance et l\u2019esth\u00e9tique. Nos inserts et foyers \u00e0 gaz contemporains offrent une flamme vibrante et r\u00e9glable, cr\u00e9ant une ambiance accueillante et chaleureuse. Leur design sophistiqu\u00e9 s\u2019int\u00e8gre parfaitement \u00e0 tout d\u00e9cor, ajoutant une touche de modernit\u00e9 et de raffinement. Que vous [&hellip;]<\/p>\n","protected":false},"author":1,"featured_media":0,"parent":0,"menu_order":0,"comment_status":"closed","ping_status":"closed","template":"","meta":{"footnotes":""},"class_list":["post-156","page","type-page","status-publish","hentry"],"_links":{"self":[{"href":"https:\/\/feuxdete.be\/index.php\/wp-json\/wp\/v2\/pages\/156","targetHints":{"allow":["GET"]}}],"collection":[{"href":"https:\/\/feuxdete.be\/index.php\/wp-json\/wp\/v2\/pages"}],"about":[{"href":"https:\/\/feuxdete.be\/index.php\/wp-json\/wp\/v2\/types\/page"}],"author":[{"embeddable":true,"href":"https:\/\/feuxdete.be\/index.php\/wp-json\/wp\/v2\/users\/1"}],"replies":[{"embeddable":true,"href":"https:\/\/feuxdete.be\/index.php\/wp-json\/wp\/v2\/comments?post=156"}],"version-history":[{"count":8,"href":"https:\/\/feuxdete.be\/index.php\/wp-json\/wp\/v2\/pages\/156\/revisions"}],"predecessor-version":[{"id":534,"href":"https:\/\/feuxdete.be\/index.php\/wp-json\/wp\/v2\/pages\/156\/revisions\/534"}],"wp:attachment":[{"href":"https:\/\/feuxdete.be\/index.php\/wp-json\/wp\/v2\/media?parent=156"}],"curies":[{"name":"wp","href":"https:\/\/api.w.org\/{rel}","templated":true}]}}