{"id":30,"date":"2024-05-15T11:50:25","date_gmt":"2024-05-15T09:50:25","guid":{"rendered":"http:\/\/feuxdete.be\/?page_id=30"},"modified":"2024-07-03T12:35:29","modified_gmt":"2024-07-03T10:35:29","slug":"acceuil","status":"publish","type":"page","link":"https:\/\/feuxdete.be\/","title":{"rendered":"Accueil"},"content":{"rendered":"\n<div class=\"wp-block-cover alignfull is-light\" style=\"padding-top:17%;padding-bottom:3rem\"><span aria-hidden=\"true\" class=\"wp-block-cover__background has-background-dim-0 has-background-dim\" style=\"background-color:#9f9693\"><\/span><img loading=\"lazy\" decoding=\"async\" width=\"1920\" height=\"1080\" class=\"wp-block-cover__image-background wp-image-84\" alt=\"\" src=\"http:\/\/feuxdete.be\/wp-content\/uploads\/2024\/05\/BRASIER.jpg\" data-object-fit=\"cover\" srcset=\"https:\/\/feuxdete.be\/wp-content\/uploads\/2024\/05\/BRASIER.jpg 1920w, https:\/\/feuxdete.be\/wp-content\/uploads\/2024\/05\/BRASIER-300x169.jpg 300w, https:\/\/feuxdete.be\/wp-content\/uploads\/2024\/05\/BRASIER-1024x576.jpg 1024w, https:\/\/feuxdete.be\/wp-content\/uploads\/2024\/05\/BRASIER-768x432.jpg 768w, https:\/\/feuxdete.be\/wp-content\/uploads\/2024\/05\/BRASIER-1536x864.jpg 1536w\" sizes=\"auto, (max-width: 1920px) 100vw, 1920px\" \/><div class=\"wp-block-cover__inner-container has-global-padding is-layout-constrained wp-container-core-cover-is-layout-29287ccd wp-block-cover-is-layout-constrained\">\n<div class=\"wp-block-group alignwide is-vertical is-content-justification-left is-layout-flex wp-container-core-group-is-layout-b21d21b4 wp-block-group-is-layout-flex\" style=\"min-height:520px\">\n<div class=\"wp-block-group has-global-padding is-layout-constrained wp-container-core-group-is-layout-92ef7b19 wp-block-group-is-layout-constrained\">\n<h2 class=\"wp-block-heading has-text-align-left has-text-color\" style=\"color:#fffffd;margin-bottom:1.01rem;font-size:clamp(2.331rem, 2.331rem + ((1vw - 0.4rem) * 4.923), 4.3rem);font-style:normal;font-weight:500;line-height:1.2\">Transformez vos soir\u00e9es d&rsquo;\u00e9t\u00e9 en moments chaleureux<\/h2>\n\n\n\n<p class=\"has-text-align-left has-text-color\" style=\"color:#fffffd;margin-top:0;margin-bottom:0;padding-top:0;padding-right:0;padding-bottom:0;padding-left:0;font-size:clamp(0.935rem, 0.935rem + ((1vw - 0.4rem) * 1.188), 1.41rem);font-style:normal;font-weight:400;line-height:1.3\">Plongez dans l\u2019atmosph\u00e8re envo\u00fbtante des nuits \u00e9toil\u00e9es avec nos braseros et chemin\u00e9es d\u2019ext\u00e9rieur.<\/p>\n\n\n\n<div class=\"wp-block-group is-vertical is-content-justification-stretch is-layout-flex wp-container-core-group-is-layout-53ad70e0 wp-block-group-is-layout-flex\" style=\"margin-top:1.61rem;padding-right:0px;padding-left:0px\">\n<div class=\"wp-block-group has-global-padding is-content-justification-left is-layout-constrained wp-container-core-group-is-layout-a938e025 wp-block-group-is-layout-constrained\" style=\"margin-top:0px\">\n<div class=\"wp-block-buttons is-horizontal is-content-justification-right is-layout-flex wp-container-core-buttons-is-layout-099266fd wp-block-buttons-is-layout-flex\" style=\"margin-top:0.51rem\">\n<div class=\"wp-block-button has-custom-width wp-block-button__width-100 has-custom-font-size is-style-outline is-style-outline--1\" style=\"font-size:clamp(0.984rem, 0.984rem + ((1vw - 0.4rem) * 1.29), 1.5rem);font-style:normal;font-weight:700;line-height:1.5;text-transform:capitalize\"><a class=\"wp-block-button__link has-primary-background-color has-text-color has-background wp-element-button\" href=\"http:\/\/feuxdete.be\/index.php\/galerie\/\" style=\"border-style:none;border-width:0px;border-radius:0rem;color:#fffffd;padding-top:0.71rem;padding-right:0.31rem;padding-bottom:0.71rem;padding-left:0.31rem\">D\u00e9couvrez &#8230;<\/a><\/div>\n<\/div>\n<\/div>\n<\/div>\n<\/div>\n<\/div>\n<\/div><\/div>\n\n\n\n<section class=\"wp-block-group alignfull has-global-padding is-layout-constrained wp-container-core-group-is-layout-05455e64 wp-block-group-is-layout-constrained\" style=\"margin-top:0px;padding-top:6rem;padding-right:1rem;padding-bottom:4.5rem;padding-left:1rem;font-size:clamp(0.875rem, 0.875rem + ((1vw - 0.4rem) * 0.638), 1.13rem);font-style:normal;font-weight:400;line-height:1.4\">\n<div class=\"wp-block-columns is-layout-flex wp-container-core-columns-is-layout-2e7296b4 wp-block-columns-is-layout-flex\" style=\"margin-bottom:0px\">\n<div class=\"wp-block-column is-vertically-aligned-center is-layout-flow wp-block-column-is-layout-flow\" style=\"padding-right:1rem;padding-left:1rem;flex-basis:35%\">\n<figure class=\"wp-block-image aligncenter size-full is-resized\"><img loading=\"lazy\" decoding=\"async\" width=\"1707\" height=\"2560\" src=\"http:\/\/feuxdete.be\/wp-content\/uploads\/2024\/05\/rustic-patio-furniture-house-deck-with-vegetation-scaled.jpg\" alt=\"\" class=\"wp-image-113\" style=\"aspect-ratio:0.75;object-fit:cover;width:269px;height:auto\" srcset=\"https:\/\/feuxdete.be\/wp-content\/uploads\/2024\/05\/rustic-patio-furniture-house-deck-with-vegetation-scaled.jpg 1707w, https:\/\/feuxdete.be\/wp-content\/uploads\/2024\/05\/rustic-patio-furniture-house-deck-with-vegetation-200x300.jpg 200w, https:\/\/feuxdete.be\/wp-content\/uploads\/2024\/05\/rustic-patio-furniture-house-deck-with-vegetation-683x1024.jpg 683w, https:\/\/feuxdete.be\/wp-content\/uploads\/2024\/05\/rustic-patio-furniture-house-deck-with-vegetation-768x1152.jpg 768w, https:\/\/feuxdete.be\/wp-content\/uploads\/2024\/05\/rustic-patio-furniture-house-deck-with-vegetation-1024x1536.jpg 1024w, https:\/\/feuxdete.be\/wp-content\/uploads\/2024\/05\/rustic-patio-furniture-house-deck-with-vegetation-1365x2048.jpg 1365w\" sizes=\"auto, (max-width: 1707px) 100vw, 1707px\" \/><\/figure>\n<\/div>\n\n\n\n<div class=\"wp-block-column has-global-padding is-layout-constrained wp-container-core-column-is-layout-b4ec969c wp-block-column-is-layout-constrained\" style=\"padding-top:2.01rem\">\n<div class=\"wp-block-group has-global-padding is-layout-constrained wp-container-core-group-is-layout-dca71664 wp-block-group-is-layout-constrained\" style=\"min-height:100%\">\n<h3 class=\"wp-block-heading has-text-align-center has-primary-color has-text-color\" style=\"margin-top:0.5rem;margin-bottom:0rem;font-size:clamp(1.25rem, 1.25rem + ((1vw - 0.4rem) * 1.875), 2rem);font-style:normal;font-weight:500;letter-spacing:0px;line-height:2.2\"><strong>Notre Engagement, une passion<\/strong><\/h3>\n\n\n\n<p class=\"has-x-small-font-size\">O\u00f9 chaque produit raconte une histoire de convivialit\u00e9 et de chaleur. Nous croyons en la cr\u00e9ation d\u2019espaces ext\u00e9rieurs accueillants et chaleureux, o\u00f9 les gens peuvent se r\u00e9unir pour partager des moments pr\u00e9cieux. Laissez-nous transformer votre jardin, patio ou terrasse en un refuge confortable o\u00f9 les souvenirs se forgent et les liens se renforcent. D\u00e9couvrez notre collection et laissez-vous s\u00e9duire par la magie intemporelle du feu.<\/p>\n\n\n\n<p class=\"has-x-small-font-size\">Transformez votre espace ext\u00e9rieur en un sanctuaire chaleureux pour des souvenirs inoubliables.<\/p>\n\n\n\n<div class=\"wp-block-group is-vertical is-content-justification-stretch is-layout-flex wp-container-core-group-is-layout-53ad70e0 wp-block-group-is-layout-flex\" style=\"margin-top:1.61rem;padding-right:0px;padding-left:0px\">\n<div class=\"wp-block-group has-global-padding is-content-justification-center is-layout-constrained wp-container-core-group-is-layout-2f0bcb29 wp-block-group-is-layout-constrained\" style=\"margin-top:0px\">\n<div class=\"wp-block-buttons is-horizontal is-content-justification-right is-layout-flex wp-container-core-buttons-is-layout-099266fd wp-block-buttons-is-layout-flex\" style=\"margin-top:0.51rem\">\n<div class=\"wp-block-button has-custom-width wp-block-button__width-100 has-custom-font-size is-style-fill\" style=\"font-size:clamp(0.875rem, 0.875rem + ((1vw - 0.4rem) * 0.813), 1.2rem);font-style:normal;font-weight:600;line-height:1.5;text-transform:capitalize\"><a class=\"wp-block-button__link has-primary-background-color has-text-color has-background wp-element-button\" href=\"http:\/\/feuxdete.be\/index.php\/a-propos\/\" style=\"border-style:none;border-width:0px;border-radius:0rem;color:#fffffd;padding-top:0.71rem;padding-right:0.31rem;padding-bottom:0.71rem;padding-left:0.31rem\">Cliquez ici<\/a><\/div>\n<\/div>\n<\/div>\n<\/div>\n<\/div>\n<\/div>\n<\/div>\n<\/section>\n\n\n\n<div class=\"wp-block-cover alignfull is-light\" style=\"padding-top:3.51rem;padding-right:0px;padding-bottom:2.01rem;padding-left:0px;min-height:542px;aspect-ratio:unset;\"><span aria-hidden=\"true\" class=\"wp-block-cover__background has-background-dim-30 has-background-dim\" style=\"background-color:#ffda00\"><\/span><div class=\"wp-block-cover__inner-container is-layout-flow wp-block-cover-is-layout-flow\">\n<div class=\"wp-block-group alignfull is-layout-flow wp-block-group-is-layout-flow\" style=\"margin-top:0px;margin-bottom:0px;padding-top:0rem;padding-right:1px;padding-bottom:2.01rem;padding-left:1px\">\n<div class=\"wp-block-columns alignfull is-layout-flex wp-container-core-columns-is-layout-35290b6f wp-block-columns-is-layout-flex\" style=\"padding-top:0rem\">\n<div class=\"wp-block-column is-layout-flow wp-block-column-is-layout-flow\" style=\"padding-top:1rem;padding-right:0rem;padding-bottom:1rem;padding-left:0rem\">\n<div class=\"wp-block-cover is-light\" style=\"padding-right:0.51rem;padding-left:0.51rem;min-height:390px;aspect-ratio:unset;\"><span aria-hidden=\"true\" class=\"wp-block-cover__background has-background-dim-70 has-background-dim\" style=\"background-color:#ffa500\"><\/span><img loading=\"lazy\" decoding=\"async\" width=\"2560\" height=\"1707\" class=\"wp-block-cover__image-background wp-image-125\" alt=\"\" src=\"http:\/\/feuxdete.be\/wp-content\/uploads\/2024\/05\/rustic-patio-furniture-house-deck-with-vegetation-1-scaled.jpg\" data-object-fit=\"cover\" srcset=\"https:\/\/feuxdete.be\/wp-content\/uploads\/2024\/05\/rustic-patio-furniture-house-deck-with-vegetation-1-scaled.jpg 2560w, https:\/\/feuxdete.be\/wp-content\/uploads\/2024\/05\/rustic-patio-furniture-house-deck-with-vegetation-1-300x200.jpg 300w, https:\/\/feuxdete.be\/wp-content\/uploads\/2024\/05\/rustic-patio-furniture-house-deck-with-vegetation-1-1024x683.jpg 1024w, https:\/\/feuxdete.be\/wp-content\/uploads\/2024\/05\/rustic-patio-furniture-house-deck-with-vegetation-1-768x512.jpg 768w, https:\/\/feuxdete.be\/wp-content\/uploads\/2024\/05\/rustic-patio-furniture-house-deck-with-vegetation-1-1536x1024.jpg 1536w, https:\/\/feuxdete.be\/wp-content\/uploads\/2024\/05\/rustic-patio-furniture-house-deck-with-vegetation-1-2048x1365.jpg 2048w\" sizes=\"auto, (max-width: 2560px) 100vw, 2560px\" \/><div class=\"wp-block-cover__inner-container has-global-padding is-layout-constrained wp-container-core-cover-is-layout-1a3bd245 wp-block-cover-is-layout-constrained\">\n<h3 class=\"wp-block-heading has-text-align-center has-text-color\" style=\"color:#fffffd;font-size:clamp(1.507rem, 1.507rem + ((1vw - 0.4rem) * 2.508), 2.51rem);\">Braseros Ext\u00e9rieurs<\/h3>\n<\/div><\/div>\n<\/div>\n\n\n\n<div class=\"wp-block-column is-layout-flow wp-block-column-is-layout-flow\" style=\"padding-top:1rem;padding-right:0rem;padding-bottom:1rem;padding-left:0rem\">\n<div class=\"wp-block-cover is-light\" style=\"padding-right:0.51rem;padding-left:0.51rem;min-height:390px;aspect-ratio:unset;\"><span aria-hidden=\"true\" class=\"wp-block-cover__background has-background-dim-70 has-background-dim\" style=\"background-color:#ffa500\"><\/span><img loading=\"lazy\" decoding=\"async\" width=\"2560\" height=\"1707\" class=\"wp-block-cover__image-background wp-image-126\" alt=\"\" src=\"http:\/\/feuxdete.be\/wp-content\/uploads\/2024\/05\/rustic-patio-with-deck-furniture-vegetation-scaled.jpg\" data-object-fit=\"cover\" srcset=\"https:\/\/feuxdete.be\/wp-content\/uploads\/2024\/05\/rustic-patio-with-deck-furniture-vegetation-scaled.jpg 2560w, https:\/\/feuxdete.be\/wp-content\/uploads\/2024\/05\/rustic-patio-with-deck-furniture-vegetation-300x200.jpg 300w, https:\/\/feuxdete.be\/wp-content\/uploads\/2024\/05\/rustic-patio-with-deck-furniture-vegetation-1024x683.jpg 1024w, https:\/\/feuxdete.be\/wp-content\/uploads\/2024\/05\/rustic-patio-with-deck-furniture-vegetation-768x512.jpg 768w, https:\/\/feuxdete.be\/wp-content\/uploads\/2024\/05\/rustic-patio-with-deck-furniture-vegetation-1536x1024.jpg 1536w, https:\/\/feuxdete.be\/wp-content\/uploads\/2024\/05\/rustic-patio-with-deck-furniture-vegetation-2048x1365.jpg 2048w\" sizes=\"auto, (max-width: 2560px) 100vw, 2560px\" \/><div class=\"wp-block-cover__inner-container has-global-padding is-layout-constrained wp-container-core-cover-is-layout-1a3bd245 wp-block-cover-is-layout-constrained\">\n<h3 class=\"wp-block-heading has-text-align-center has-text-color\" style=\"color:#fffffd;font-size:clamp(1.507rem, 1.507rem + ((1vw - 0.4rem) * 2.508), 2.51rem);\">Chemin\u00e9es Patio<\/h3>\n<\/div><\/div>\n<\/div>\n\n\n\n<div class=\"wp-block-column is-layout-flow wp-block-column-is-layout-flow\" style=\"padding-top:1rem;padding-right:0rem;padding-bottom:1rem;padding-left:0rem\">\n<div class=\"wp-block-cover is-light is-style-default\" style=\"padding-right:0.51rem;padding-left:0.51rem;min-height:390px;aspect-ratio:unset;\"><span aria-hidden=\"true\" class=\"wp-block-cover__background has-background-dim-70 has-background-dim\" style=\"background-color:#ffa500\"><\/span><img loading=\"lazy\" decoding=\"async\" width=\"750\" height=\"750\" class=\"wp-block-cover__image-background wp-image-127\" alt=\"\" src=\"http:\/\/feuxdete.be\/wp-content\/uploads\/2024\/05\/Planika_Free_Standing_Cabo-copie.jpg\" style=\"object-position:51% 52%\" data-object-fit=\"cover\" data-object-position=\"51% 52%\" srcset=\"https:\/\/feuxdete.be\/wp-content\/uploads\/2024\/05\/Planika_Free_Standing_Cabo-copie.jpg 750w, https:\/\/feuxdete.be\/wp-content\/uploads\/2024\/05\/Planika_Free_Standing_Cabo-copie-300x300.jpg 300w, https:\/\/feuxdete.be\/wp-content\/uploads\/2024\/05\/Planika_Free_Standing_Cabo-copie-150x150.jpg 150w\" sizes=\"auto, (max-width: 750px) 100vw, 750px\" \/><div class=\"wp-block-cover__inner-container has-global-padding is-layout-constrained wp-container-core-cover-is-layout-1a3bd245 wp-block-cover-is-layout-constrained\">\n<h3 class=\"wp-block-heading has-text-align-center has-text-color\" style=\"color:#fffffd;font-size:clamp(1.507rem, 1.507rem + ((1vw - 0.4rem) * 2.508), 2.51rem);\">Braseros Modernes<\/h3>\n<\/div><\/div>\n<\/div>\n\n\n\n<div class=\"wp-block-column is-layout-flow wp-block-column-is-layout-flow\" style=\"padding-top:1rem;padding-right:0rem;padding-bottom:1rem;padding-left:0rem\">\n<div class=\"wp-block-cover is-light\" style=\"padding-right:0.51rem;padding-left:0.51rem;min-height:390px;aspect-ratio:unset;\"><span aria-hidden=\"true\" class=\"wp-block-cover__background has-background-dim-70 has-background-dim\" style=\"background-color:#ffa500\"><\/span><img loading=\"lazy\" decoding=\"async\" width=\"2560\" height=\"1463\" class=\"wp-block-cover__image-background wp-image-186\" alt=\"\" src=\"http:\/\/feuxdete.be\/wp-content\/uploads\/2024\/05\/comfortable-sofa-modern-living-room-illuminated-by-glowing-fire-generated-by-artificial-intelligence-scaled.jpg\" data-object-fit=\"cover\" srcset=\"https:\/\/feuxdete.be\/wp-content\/uploads\/2024\/05\/comfortable-sofa-modern-living-room-illuminated-by-glowing-fire-generated-by-artificial-intelligence-scaled.jpg 2560w, https:\/\/feuxdete.be\/wp-content\/uploads\/2024\/05\/comfortable-sofa-modern-living-room-illuminated-by-glowing-fire-generated-by-artificial-intelligence-300x171.jpg 300w, https:\/\/feuxdete.be\/wp-content\/uploads\/2024\/05\/comfortable-sofa-modern-living-room-illuminated-by-glowing-fire-generated-by-artificial-intelligence-1024x585.jpg 1024w, https:\/\/feuxdete.be\/wp-content\/uploads\/2024\/05\/comfortable-sofa-modern-living-room-illuminated-by-glowing-fire-generated-by-artificial-intelligence-768x439.jpg 768w, https:\/\/feuxdete.be\/wp-content\/uploads\/2024\/05\/comfortable-sofa-modern-living-room-illuminated-by-glowing-fire-generated-by-artificial-intelligence-1536x878.jpg 1536w, https:\/\/feuxdete.be\/wp-content\/uploads\/2024\/05\/comfortable-sofa-modern-living-room-illuminated-by-glowing-fire-generated-by-artificial-intelligence-2048x1170.jpg 2048w\" sizes=\"auto, (max-width: 2560px) 100vw, 2560px\" \/><div class=\"wp-block-cover__inner-container has-global-padding is-layout-constrained wp-container-core-cover-is-layout-1a3bd245 wp-block-cover-is-layout-constrained\">\n<h3 class=\"wp-block-heading has-text-align-center has-text-color\" style=\"color:#fffffd;font-size:clamp(1.507rem, 1.507rem + ((1vw - 0.4rem) * 2.508), 2.51rem);\">Chemin\u00e9es Classiques<\/h3>\n<\/div><\/div>\n<\/div>\n<\/div>\n<\/div>\n<\/div><\/div>\n\n\n\n<div class=\"wp-block-cover alignfull\"><span aria-hidden=\"true\" class=\"wp-block-cover__background has-background-dim-30 has-background-dim\" style=\"background-color:#ffa500\"><\/span><img loading=\"lazy\" decoding=\"async\" width=\"2560\" height=\"1463\" class=\"wp-block-cover__image-background wp-image-128\" alt=\"\" src=\"http:\/\/feuxdete.be\/wp-content\/uploads\/2024\/05\/glowing-bonfire-heats-wood-cooking-food-comfortable-outdoor-meal-generated-by-artificial-intelligence-1-scaled.jpg\" data-object-fit=\"cover\" srcset=\"https:\/\/feuxdete.be\/wp-content\/uploads\/2024\/05\/glowing-bonfire-heats-wood-cooking-food-comfortable-outdoor-meal-generated-by-artificial-intelligence-1-scaled.jpg 2560w, https:\/\/feuxdete.be\/wp-content\/uploads\/2024\/05\/glowing-bonfire-heats-wood-cooking-food-comfortable-outdoor-meal-generated-by-artificial-intelligence-1-300x171.jpg 300w, https:\/\/feuxdete.be\/wp-content\/uploads\/2024\/05\/glowing-bonfire-heats-wood-cooking-food-comfortable-outdoor-meal-generated-by-artificial-intelligence-1-1024x585.jpg 1024w, https:\/\/feuxdete.be\/wp-content\/uploads\/2024\/05\/glowing-bonfire-heats-wood-cooking-food-comfortable-outdoor-meal-generated-by-artificial-intelligence-1-768x439.jpg 768w, https:\/\/feuxdete.be\/wp-content\/uploads\/2024\/05\/glowing-bonfire-heats-wood-cooking-food-comfortable-outdoor-meal-generated-by-artificial-intelligence-1-1536x878.jpg 1536w, https:\/\/feuxdete.be\/wp-content\/uploads\/2024\/05\/glowing-bonfire-heats-wood-cooking-food-comfortable-outdoor-meal-generated-by-artificial-intelligence-1-2048x1170.jpg 2048w\" sizes=\"auto, (max-width: 2560px) 100vw, 2560px\" \/><div class=\"wp-block-cover__inner-container has-global-padding is-layout-constrained wp-block-cover-is-layout-constrained\">\n<section class=\"wp-block-group alignfull has-global-padding is-layout-constrained wp-container-core-group-is-layout-cfb15881 wp-block-group-is-layout-constrained\" style=\"margin-top:0px;padding-top:4.01rem;padding-right:1rem;padding-bottom:5.01rem;padding-left:1rem;font-size:clamp(0.875rem, 0.875rem + ((1vw - 0.4rem) * 0.638), 1.13rem);font-style:normal;font-weight:400;line-height:1.4\">\n<div class=\"wp-block-columns is-layout-flex wp-container-core-columns-is-layout-a86bf794 wp-block-columns-is-layout-flex\" style=\"margin-bottom:0px\">\n<div class=\"wp-block-column has-global-padding is-layout-constrained wp-container-core-column-is-layout-b4ec969c wp-block-column-is-layout-constrained\" style=\"padding-top:2.01rem\">\n<div class=\"wp-block-group has-global-padding is-layout-constrained wp-container-core-group-is-layout-dca71664 wp-block-group-is-layout-constrained\" style=\"min-height:100%\">\n<h3 class=\"wp-block-heading has-text-align-center has-text-color\" style=\"color:#fffffd;margin-top:0.5rem;margin-bottom:0rem;font-size:clamp(1.352rem, 1.352rem + ((1vw - 0.4rem) * 2.12), 2.2rem);font-style:normal;font-weight:500;letter-spacing:0px;line-height:1.7\">Notre Engageant Chaleureux<\/h3>\n\n\n\n<p class=\"has-text-align-center has-text-color\" style=\"color:#fffffd;margin-top:0rem;font-size:clamp(0.875rem, 0.875rem + ((1vw - 0.4rem) * 0.338), 1.01rem);font-style:normal;font-weight:400;line-height:1.5\">Nous sommes l\u00e0 pour vous aider \u00e0 transformer votre espace ext\u00e9rieur en un lieu de rassemblement chaleureux et accueillant, o\u00f9 les souvenirs se forgent et les liens se renforcent.<\/p>\n\n\n\n<div class=\"wp-block-group is-vertical is-content-justification-stretch is-layout-flex wp-container-core-group-is-layout-53ad70e0 wp-block-group-is-layout-flex\" style=\"margin-top:1.61rem;padding-right:0px;padding-left:0px\">\n<div class=\"wp-block-group has-global-padding is-content-justification-center is-layout-constrained wp-container-core-group-is-layout-2f0bcb29 wp-block-group-is-layout-constrained\" style=\"margin-top:0px\">\n<div class=\"wp-block-buttons is-horizontal is-content-justification-right is-layout-flex wp-container-core-buttons-is-layout-099266fd wp-block-buttons-is-layout-flex\" style=\"margin-top:0.51rem\">\n<div class=\"wp-block-button has-custom-width wp-block-button__width-100 has-custom-font-size is-style-outline is-style-outline--2\" style=\"font-size:clamp(0.929rem, 0.929rem + ((1vw - 0.4rem) * 1.178), 1.4rem);font-style:normal;font-weight:700;line-height:1.6;text-transform:capitalize\"><a class=\"wp-block-button__link has-base-color has-text-color has-background wp-element-button\" href=\"http:\/\/feuxdete.be\/index.php\/contact\/\" style=\"border-style:none;border-width:0px;border-radius:0rem;background-color:#ff7a00;padding-top:0.71rem;padding-right:0.31rem;padding-bottom:0.71rem;padding-left:0.31rem\">Contactez-nous<\/a><\/div>\n<\/div>\n<\/div>\n<\/div>\n<\/div>\n<\/div>\n<\/div>\n<\/section>\n<\/div><\/div>\n\n\n\n<div class=\"wp-block-group alignfull has-global-padding is-layout-constrained wp-container-core-group-is-layout-e13b8b30 wp-block-group-is-layout-constrained\" style=\"margin-top:var(--wp--preset--spacing--small);margin-bottom:var(--wp--preset--spacing--small);padding-top:3.51rem;padding-right:1.01rem;padding-bottom:5.01rem;padding-left:1.01rem\">\n<h2 class=\"wp-block-heading has-text-align-center has-primary-color has-text-color has-link-color has-x-large-font-size wp-elements-b1cd332762351204fd4cead2c8e851af\">\u00ab\u00a0Le feu est le miroir de l&rsquo;\u00e2me, un reflet de la chaleur qui br\u00fble en nous.\u00a0\u00bb<\/h2>\n<\/div>\n\n\n\n<section class=\"wp-block-cover alignfull\" style=\"margin-top:0px;padding-top:1.01rem;padding-bottom:1.01rem;min-height:300px;aspect-ratio:unset;\"><span aria-hidden=\"true\" class=\"wp-block-cover__background has-background-dim-70 has-background-dim\" style=\"background-color:#007747\"><\/span><img loading=\"lazy\" decoding=\"async\" width=\"2560\" height=\"1707\" class=\"wp-block-cover__image-background wp-image-327\" alt=\"\" src=\"http:\/\/feuxdete.be\/wp-content\/uploads\/2024\/05\/night-campfire-night-1-scaled.jpg\" style=\"object-position:50% 80%\" data-object-fit=\"cover\" data-object-position=\"50% 80%\" srcset=\"https:\/\/feuxdete.be\/wp-content\/uploads\/2024\/05\/night-campfire-night-1-scaled.jpg 2560w, https:\/\/feuxdete.be\/wp-content\/uploads\/2024\/05\/night-campfire-night-1-300x200.jpg 300w, https:\/\/feuxdete.be\/wp-content\/uploads\/2024\/05\/night-campfire-night-1-1024x683.jpg 1024w, https:\/\/feuxdete.be\/wp-content\/uploads\/2024\/05\/night-campfire-night-1-768x512.jpg 768w, https:\/\/feuxdete.be\/wp-content\/uploads\/2024\/05\/night-campfire-night-1-1536x1024.jpg 1536w, https:\/\/feuxdete.be\/wp-content\/uploads\/2024\/05\/night-campfire-night-1-2048x1365.jpg 2048w\" sizes=\"auto, (max-width: 2560px) 100vw, 2560px\" \/><div class=\"wp-block-cover__inner-container has-global-padding is-layout-constrained wp-container-core-cover-is-layout-b1bebcb3 wp-block-cover-is-layout-constrained\">\n<div class=\"wp-block-group has-text-color is-layout-flow wp-block-group-is-layout-flow\" style=\"color:#fffffd;margin-top:0px;padding-top:0rem;padding-right:1rem;padding-bottom:0rem;padding-left:1rem;font-size:clamp(0.875rem, 0.875rem + ((1vw - 0.4rem) * 0.638), 1.13rem);font-style:normal;font-weight:400;line-height:1.4\">\n<div class=\"wp-block-group has-global-padding is-layout-constrained wp-container-core-group-is-layout-bdbfdc43 wp-block-group-is-layout-constrained\">\n<h2 class=\"wp-block-heading has-text-align-center has-text-color\" style=\"color:#fffffd;margin-bottom:0rem;font-size:clamp(1.25rem, 1.25rem + ((1vw - 0.4rem) * 1.875), 2rem);font-style:normal;font-weight:700;line-height:1.2\">Transformez votre espace ext\u00e9rieur en un sanctuaire chaleureux pour des souvenirs inoubliables.<\/h2>\n<\/div>\n<\/div>\n<\/div><\/section>\n","protected":false},"excerpt":{"rendered":"<p>Notre Engagement, une passion O\u00f9 chaque produit raconte une histoire de convivialit\u00e9 et de chaleur. Nous croyons en la cr\u00e9ation d\u2019espaces ext\u00e9rieurs accueillants et chaleureux, o\u00f9 les gens peuvent se r\u00e9unir pour partager des moments pr\u00e9cieux. Laissez-nous transformer votre jardin, patio ou terrasse en un refuge confortable o\u00f9 les souvenirs se forgent et les liens [&hellip;]<\/p>\n","protected":false},"author":1,"featured_media":0,"parent":0,"menu_order":0,"comment_status":"closed","ping_status":"closed","template":"","meta":{"footnotes":""},"class_list":["post-30","page","type-page","status-publish","hentry"],"_links":{"self":[{"href":"https:\/\/feuxdete.be\/index.php\/wp-json\/wp\/v2\/pages\/30","targetHints":{"allow":["GET"]}}],"collection":[{"href":"https:\/\/feuxdete.be\/index.php\/wp-json\/wp\/v2\/pages"}],"about":[{"href":"https:\/\/feuxdete.be\/index.php\/wp-json\/wp\/v2\/types\/page"}],"author":[{"embeddable":true,"href":"https:\/\/feuxdete.be\/index.php\/wp-json\/wp\/v2\/users\/1"}],"replies":[{"embeddable":true,"href":"https:\/\/feuxdete.be\/index.php\/wp-json\/wp\/v2\/comments?post=30"}],"version-history":[{"count":44,"href":"https:\/\/feuxdete.be\/index.php\/wp-json\/wp\/v2\/pages\/30\/revisions"}],"predecessor-version":[{"id":629,"href":"https:\/\/feuxdete.be\/index.php\/wp-json\/wp\/v2\/pages\/30\/revisions\/629"}],"wp:attachment":[{"href":"https:\/\/feuxdete.be\/index.php\/wp-json\/wp\/v2\/media?parent=30"}],"curies":[{"name":"wp","href":"https:\/\/api.w.org\/{rel}","templated":true}]}}