{"id":35,"date":"2024-05-15T11:51:24","date_gmt":"2024-05-15T09:51:24","guid":{"rendered":"http:\/\/feuxdete.be\/?page_id=35"},"modified":"2024-06-13T10:24:53","modified_gmt":"2024-06-13T08:24:53","slug":"galerie","status":"publish","type":"page","link":"https:\/\/feuxdete.be\/index.php\/galerie\/","title":{"rendered":"Galerie"},"content":{"rendered":"\n<div class=\"wp-block-cover alignfull is-style-default\"><span aria-hidden=\"true\" class=\"wp-block-cover__background has-primary-background-color has-background-dim\"><\/span><img loading=\"lazy\" decoding=\"async\" width=\"2560\" height=\"1463\" class=\"wp-block-cover__image-background wp-image-158\" alt=\"\" src=\"http:\/\/feuxdete.be\/wp-content\/uploads\/2024\/05\/glowing-bonfire-illuminates-dark-night-bringing-warmth-relaxation-generated-by-artificial-intelligence-scaled.jpg\" data-object-fit=\"cover\" srcset=\"https:\/\/feuxdete.be\/wp-content\/uploads\/2024\/05\/glowing-bonfire-illuminates-dark-night-bringing-warmth-relaxation-generated-by-artificial-intelligence-scaled.jpg 2560w, https:\/\/feuxdete.be\/wp-content\/uploads\/2024\/05\/glowing-bonfire-illuminates-dark-night-bringing-warmth-relaxation-generated-by-artificial-intelligence-300x171.jpg 300w, https:\/\/feuxdete.be\/wp-content\/uploads\/2024\/05\/glowing-bonfire-illuminates-dark-night-bringing-warmth-relaxation-generated-by-artificial-intelligence-1024x585.jpg 1024w, https:\/\/feuxdete.be\/wp-content\/uploads\/2024\/05\/glowing-bonfire-illuminates-dark-night-bringing-warmth-relaxation-generated-by-artificial-intelligence-768x439.jpg 768w, https:\/\/feuxdete.be\/wp-content\/uploads\/2024\/05\/glowing-bonfire-illuminates-dark-night-bringing-warmth-relaxation-generated-by-artificial-intelligence-1536x878.jpg 1536w, https:\/\/feuxdete.be\/wp-content\/uploads\/2024\/05\/glowing-bonfire-illuminates-dark-night-bringing-warmth-relaxation-generated-by-artificial-intelligence-2048x1170.jpg 2048w\" sizes=\"auto, (max-width: 2560px) 100vw, 2560px\" \/><div class=\"wp-block-cover__inner-container has-global-padding is-layout-constrained wp-container-core-cover-is-layout-4383d167 wp-block-cover-is-layout-constrained\">\n<div style=\"height:50px\" aria-hidden=\"true\" class=\"wp-block-spacer\"><\/div>\n\n\n\n<h1 class=\"wp-block-heading has-text-align-center has-text-color has-link-color has-merriweather-font-family wp-elements-f8473b78b4b8be8dd47989269404a8eb\" style=\"color:#ffffff;font-size:clamp(30.693px, 1.918rem + ((1vw - 6.4px) * 3.642), 54px);\">Nos r\u00e9alisations<\/h1>\n<\/div><\/div>\n\n\n\n<div style=\"height:50px\" aria-hidden=\"true\" class=\"wp-block-spacer\"><\/div>\n\n\n\n<hr class=\"wp-block-separator alignwide has-text-color has-primary-color has-alpha-channel-opacity has-primary-background-color has-background is-style-wide\" style=\"margin-top:var(--wp--preset--spacing--x-small);margin-bottom:var(--wp--preset--spacing--x-small)\"\/>\n\n\n\n<div class=\"wp-block-group alignfull has-global-padding is-layout-constrained wp-container-core-group-is-layout-4e5aef32 wp-block-group-is-layout-constrained\" style=\"margin-top:0;padding-top:var(--wp--preset--spacing--x-large);padding-right:30px;padding-bottom:var(--wp--preset--spacing--x-large);padding-left:30px\">\n<div class=\"wp-block-columns alignwide are-vertically-aligned-center is-layout-flex wp-container-core-columns-is-layout-9a20cdea wp-block-columns-is-layout-flex\">\n<div class=\"wp-block-column is-vertically-aligned-center is-layout-flow wp-block-column-is-layout-flow\">\n<figure class=\"wp-block-image size-large\"><img loading=\"lazy\" decoding=\"async\" width=\"1024\" height=\"638\" src=\"http:\/\/feuxdete.be\/wp-content\/uploads\/2024\/05\/561159-3-1024x638.jpg\" alt=\"\" class=\"wp-image-342\" srcset=\"https:\/\/feuxdete.be\/wp-content\/uploads\/2024\/05\/561159-3-1024x638.jpg 1024w, https:\/\/feuxdete.be\/wp-content\/uploads\/2024\/05\/561159-3-300x187.jpg 300w, https:\/\/feuxdete.be\/wp-content\/uploads\/2024\/05\/561159-3-768x478.jpg 768w, https:\/\/feuxdete.be\/wp-content\/uploads\/2024\/05\/561159-3.jpg 1280w\" sizes=\"auto, (max-width: 1024px) 100vw, 1024px\" \/><\/figure>\n<\/div>\n\n\n\n<div class=\"wp-block-column is-vertically-aligned-center is-layout-flow wp-block-column-is-layout-flow\">\n<div class=\"wp-block-group is-nowrap is-layout-flex wp-container-core-group-is-layout-e088cbc5 wp-block-group-is-layout-flex\">\n<p class=\"has-large-font-size\" style=\"font-style:normal;font-weight:400;line-height:1;text-transform:uppercase\">NEW<\/p>\n\n\n\n<hr class=\"wp-block-separator has-alpha-channel-opacity\"\/>\n<\/div>\n\n\n\n<h2 class=\"wp-block-heading has-max-48-font-size\"><strong>\u00ab\u00a0Une Harmonie de Contrastes\u00a0\u00bb<\/strong><\/h2>\n\n\n\n<p style=\"margin-top:var(--wp--preset--spacing--x-small)\">La rencontre entre l&rsquo;eau et le feu est fascinante. L&rsquo;eau, calme et fluide, rencontre le feu, puissant et chaud, cr\u00e9ant un contraste saisissant&#8230; <\/p>\n\n\n\n<div class=\"wp-block-buttons is-content-justification-right is-layout-flex wp-container-core-buttons-is-layout-c133f063 wp-block-buttons-is-layout-flex\">\n<div class=\"wp-block-button has-custom-font-size has-medium-font-size\"><a class=\"wp-block-button__link has-primary-color has-base-background-color has-text-color has-background has-link-color has-text-align-center wp-element-button\" href=\"http:\/\/feuxdete.be\/index.php\/blog-quand-leau-rencontre-le-feu-une-harmonie-de-contrastesblog\/\">lire la suite<\/a><\/div>\n<\/div>\n<\/div>\n<\/div>\n<\/div>\n\n\n\n<hr class=\"wp-block-separator alignwide has-text-color has-primary-color has-alpha-channel-opacity has-primary-background-color has-background is-style-wide\" style=\"margin-top:var(--wp--preset--spacing--x-small);margin-bottom:var(--wp--preset--spacing--x-small)\"\/>\n\n\n\n<div class=\"wp-block-group alignfull has-global-padding is-layout-constrained wp-container-core-group-is-layout-4e5aef32 wp-block-group-is-layout-constrained\" style=\"margin-top:0;padding-top:var(--wp--preset--spacing--x-large);padding-right:30px;padding-bottom:var(--wp--preset--spacing--x-large);padding-left:30px\">\n<div class=\"wp-block-columns alignwide are-vertically-aligned-center is-layout-flex wp-container-core-columns-is-layout-9a20cdea wp-block-columns-is-layout-flex\">\n<div class=\"wp-block-column is-vertically-aligned-center is-layout-flow wp-block-column-is-layout-flow\">\n<figure class=\"wp-block-image size-large\"><img loading=\"lazy\" decoding=\"async\" width=\"1024\" height=\"768\" src=\"http:\/\/feuxdete.be\/wp-content\/uploads\/2024\/05\/535095-1024x768.jpg\" alt=\"\" class=\"wp-image-358\" srcset=\"https:\/\/feuxdete.be\/wp-content\/uploads\/2024\/05\/535095-1024x768.jpg 1024w, https:\/\/feuxdete.be\/wp-content\/uploads\/2024\/05\/535095-300x225.jpg 300w, https:\/\/feuxdete.be\/wp-content\/uploads\/2024\/05\/535095-768x576.jpg 768w, https:\/\/feuxdete.be\/wp-content\/uploads\/2024\/05\/535095.jpg 1280w\" sizes=\"auto, (max-width: 1024px) 100vw, 1024px\" \/><\/figure>\n<\/div>\n\n\n\n<div class=\"wp-block-column is-vertically-aligned-center is-layout-flow wp-block-column-is-layout-flow\">\n<div class=\"wp-block-group is-nowrap is-layout-flex wp-container-core-group-is-layout-e088cbc5 wp-block-group-is-layout-flex\">\n<p class=\"has-large-font-size\" style=\"font-style:normal;font-weight:400;line-height:1;text-transform:uppercase\">NEW<\/p>\n\n\n\n<hr class=\"wp-block-separator has-alpha-channel-opacity\"\/>\n<\/div>\n\n\n\n<h2 class=\"wp-block-heading has-max-48-font-size\"><strong>\u00ab\u00a0Feu et Nature\u00a0\u00bb<\/strong><\/h2>\n\n\n\n<p style=\"margin-top:var(--wp--preset--spacing--x-small)\">Au d\u00e9tour d&rsquo;une all\u00e9e pav\u00e9e, entre les parterres fleuris et les haies odorantes, \u00e9merge majestueusement la chemin\u00e9e ext\u00e9rieure. Faite de pierre rustique, elle se dresse comme un gardien silencieux au c\u0153ur du jardin&#8230;<\/p>\n\n\n\n<div class=\"wp-block-buttons is-content-justification-right is-layout-flex wp-container-core-buttons-is-layout-d445cf74 wp-block-buttons-is-layout-flex\">\n<div class=\"wp-block-button has-custom-font-size has-medium-font-size\"><a class=\"wp-block-button__link has-primary-color has-base-background-color has-text-color has-background has-link-color wp-element-button\" href=\"http:\/\/feuxdete.be\/index.php\/blog-feu-et-nature-lharmonie-de-la-cheminee-exterieure-et-du-jardin\/\">lire la suite<\/a><\/div>\n<\/div>\n<\/div>\n<\/div>\n<\/div>\n\n\n\n<hr class=\"wp-block-separator alignwide has-text-color has-primary-color has-alpha-channel-opacity has-primary-background-color has-background is-style-wide\" style=\"margin-top:var(--wp--preset--spacing--x-small);margin-bottom:var(--wp--preset--spacing--x-small)\"\/>\n\n\n\n<div class=\"wp-block-group alignfull has-global-padding is-layout-constrained wp-container-core-group-is-layout-4e5aef32 wp-block-group-is-layout-constrained\" style=\"margin-top:0;padding-top:var(--wp--preset--spacing--x-large);padding-right:30px;padding-bottom:var(--wp--preset--spacing--x-large);padding-left:30px\">\n<div class=\"wp-block-columns alignwide are-vertically-aligned-center is-layout-flex wp-container-core-columns-is-layout-9a20cdea wp-block-columns-is-layout-flex\">\n<div class=\"wp-block-column is-vertically-aligned-center is-layout-flow wp-block-column-is-layout-flow\">\n<figure class=\"wp-block-image size-large\"><img loading=\"lazy\" decoding=\"async\" width=\"1024\" height=\"895\" src=\"http:\/\/feuxdete.be\/wp-content\/uploads\/2024\/06\/533184-copie-1024x895.jpg\" alt=\"\" class=\"wp-image-621\" srcset=\"https:\/\/feuxdete.be\/wp-content\/uploads\/2024\/06\/533184-copie-1024x895.jpg 1024w, https:\/\/feuxdete.be\/wp-content\/uploads\/2024\/06\/533184-copie-300x262.jpg 300w, https:\/\/feuxdete.be\/wp-content\/uploads\/2024\/06\/533184-copie-768x672.jpg 768w, https:\/\/feuxdete.be\/wp-content\/uploads\/2024\/06\/533184-copie.jpg 1099w\" sizes=\"auto, (max-width: 1024px) 100vw, 1024px\" \/><\/figure>\n<\/div>\n\n\n\n<div class=\"wp-block-column is-vertically-aligned-center is-layout-flow wp-block-column-is-layout-flow\">\n<div class=\"wp-block-group is-nowrap is-layout-flex wp-container-core-group-is-layout-e088cbc5 wp-block-group-is-layout-flex\">\n<p class=\"has-large-font-size\" style=\"font-style:normal;font-weight:400;line-height:1;text-transform:uppercase\">NEW<\/p>\n\n\n\n<hr class=\"wp-block-separator has-alpha-channel-opacity\"\/>\n<\/div>\n\n\n\n<h2 class=\"wp-block-heading has-max-48-font-size\"><strong>\u00ab\u00a0L&rsquo;art de la cuisine ext\u00e9rieure\u00a0\u00bb<\/strong><\/h2>\n\n\n\n<p style=\"margin-top:var(--wp--preset--spacing--x-small)\">\u00c0 l&rsquo;art de la cuisine ext\u00e9rieure, nous croyons au pouvoir transformateur de la cuisine en plein air. Nous nous consacrons \u00e0 la cr\u00e9ation d&rsquo;exp\u00e9riences culinaires inoubliables sous les \u00e9toiles, &#8230;<\/p>\n\n\n\n<div class=\"wp-block-buttons is-content-justification-right is-layout-flex wp-container-core-buttons-is-layout-d445cf74 wp-block-buttons-is-layout-flex\">\n<div class=\"wp-block-button has-custom-font-size has-medium-font-size\"><a class=\"wp-block-button__link has-primary-color has-base-background-color has-text-color has-background has-link-color wp-element-button\" href=\"https:\/\/feuxdete.be\/index.php\/blog-lart-de-la-cuisine-exterieure\/\">lire la suite<\/a><\/div>\n<\/div>\n<\/div>\n<\/div>\n<\/div>\n\n\n\n<hr class=\"wp-block-separator alignwide has-text-color has-primary-color has-alpha-channel-opacity has-primary-background-color has-background is-style-wide\" style=\"margin-top:var(--wp--preset--spacing--x-small);margin-bottom:var(--wp--preset--spacing--x-small)\"\/>\n","protected":false},"excerpt":{"rendered":"<p>NEW \u00ab\u00a0Une Harmonie de Contrastes\u00a0\u00bb La rencontre entre l&rsquo;eau et le feu est fascinante. L&rsquo;eau, calme et fluide, rencontre le feu, puissant et chaud, cr\u00e9ant un contraste saisissant&#8230; NEW \u00ab\u00a0Feu et Nature\u00a0\u00bb Au d\u00e9tour d&rsquo;une all\u00e9e pav\u00e9e, entre les parterres fleuris et les haies odorantes, \u00e9merge majestueusement la chemin\u00e9e ext\u00e9rieure. Faite de pierre rustique, elle [&hellip;]<\/p>\n","protected":false},"author":1,"featured_media":158,"parent":0,"menu_order":0,"comment_status":"closed","ping_status":"closed","template":"","meta":{"footnotes":""},"class_list":["post-35","page","type-page","status-publish","has-post-thumbnail","hentry"],"_links":{"self":[{"href":"https:\/\/feuxdete.be\/index.php\/wp-json\/wp\/v2\/pages\/35","targetHints":{"allow":["GET"]}}],"collection":[{"href":"https:\/\/feuxdete.be\/index.php\/wp-json\/wp\/v2\/pages"}],"about":[{"href":"https:\/\/feuxdete.be\/index.php\/wp-json\/wp\/v2\/types\/page"}],"author":[{"embeddable":true,"href":"https:\/\/feuxdete.be\/index.php\/wp-json\/wp\/v2\/users\/1"}],"replies":[{"embeddable":true,"href":"https:\/\/feuxdete.be\/index.php\/wp-json\/wp\/v2\/comments?post=35"}],"version-history":[{"count":17,"href":"https:\/\/feuxdete.be\/index.php\/wp-json\/wp\/v2\/pages\/35\/revisions"}],"predecessor-version":[{"id":627,"href":"https:\/\/feuxdete.be\/index.php\/wp-json\/wp\/v2\/pages\/35\/revisions\/627"}],"wp:featuredmedia":[{"embeddable":true,"href":"https:\/\/feuxdete.be\/index.php\/wp-json\/wp\/v2\/media\/158"}],"wp:attachment":[{"href":"https:\/\/feuxdete.be\/index.php\/wp-json\/wp\/v2\/media?parent=35"}],"curies":[{"name":"wp","href":"https:\/\/api.w.org\/{rel}","templated":true}]}}