{"id":41,"date":"2024-05-15T12:42:21","date_gmt":"2024-05-15T10:42:21","guid":{"rendered":"http:\/\/feuxdete.be\/?page_id=41"},"modified":"2024-06-03T14:35:52","modified_gmt":"2024-06-03T12:35:52","slug":"services","status":"publish","type":"page","link":"https:\/\/feuxdete.be\/index.php\/services\/","title":{"rendered":"Services"},"content":{"rendered":"\n<div class=\"wp-block-cover alignfull\" style=\"margin-top:0;margin-bottom:0;padding-top:0px;padding-bottom:80px;min-height:300px;aspect-ratio:unset;\"><span aria-hidden=\"true\" class=\"wp-block-cover__background has-primary-background-color has-background-dim-100 has-background-dim\"><\/span><img decoding=\"async\" class=\"wp-block-cover__image-background wp-image-4206\" alt=\"\" src=\"https:\/\/tyler.com\/wp-content\/uploads\/2023\/12\/surf-banner1.jpg\" style=\"object-position:100% 50%\" data-object-fit=\"cover\" data-object-position=\"100% 50%\"\/><div class=\"wp-block-cover__inner-container has-global-padding is-layout-constrained wp-container-core-cover-is-layout-d4c6b484 wp-block-cover-is-layout-constrained\">\n<div style=\"height:150px\" aria-hidden=\"true\" class=\"wp-block-spacer\"><\/div>\n\n\n\n<h1 class=\"wp-block-heading has-text-align-center has-text-color has-link-color has-suranna-font-family wp-elements-e8d6111cd481d2b02d3c5c8da2720494\" style=\"color:#ffffff;font-size:clamp(38.682px, 2.418rem + ((1vw - 6.4px) * 5.206), 72px);font-style:normal;font-weight:500\">Nos services<\/h1>\n<\/div><\/div>\n\n\n\n<div class=\"wp-block-group alignfull has-global-padding is-layout-constrained wp-container-core-group-is-layout-704e782a wp-block-group-is-layout-constrained\">\n<section class=\"wp-block-group has-global-padding is-layout-constrained wp-container-core-group-is-layout-608bbd49 wp-block-group-is-layout-constrained\" style=\"margin-top:0px;padding-top:6rem;padding-right:1rem;padding-bottom:5rem;padding-left:1rem;font-size:clamp(0.875rem, 0.875rem + ((1vw - 0.4rem) * 0.638), 1.13rem);font-style:normal;font-weight:400;line-height:1.4\">\n<div class=\"wp-block-columns is-layout-flex wp-container-core-columns-is-layout-03ad6a19 wp-block-columns-is-layout-flex\" style=\"margin-bottom:0px\">\n<div class=\"wp-block-column is-vertically-aligned-center is-layout-flow wp-block-column-is-layout-flow\" style=\"flex-basis:50%\">\n<figure class=\"wp-block-image aligncenter size-full is-resized\"><img loading=\"lazy\" decoding=\"async\" width=\"2560\" height=\"1440\" src=\"http:\/\/feuxdete.be\/wp-content\/uploads\/2024\/05\/closeup-diverse-people-joining-their-hands-scaled.jpg\" alt=\"\" class=\"wp-image-522\" style=\"aspect-ratio:1;object-fit:cover;width:450px\" srcset=\"https:\/\/feuxdete.be\/wp-content\/uploads\/2024\/05\/closeup-diverse-people-joining-their-hands-scaled.jpg 2560w, https:\/\/feuxdete.be\/wp-content\/uploads\/2024\/05\/closeup-diverse-people-joining-their-hands-300x169.jpg 300w, https:\/\/feuxdete.be\/wp-content\/uploads\/2024\/05\/closeup-diverse-people-joining-their-hands-1024x576.jpg 1024w, https:\/\/feuxdete.be\/wp-content\/uploads\/2024\/05\/closeup-diverse-people-joining-their-hands-768x432.jpg 768w, https:\/\/feuxdete.be\/wp-content\/uploads\/2024\/05\/closeup-diverse-people-joining-their-hands-1536x864.jpg 1536w, https:\/\/feuxdete.be\/wp-content\/uploads\/2024\/05\/closeup-diverse-people-joining-their-hands-2048x1152.jpg 2048w\" sizes=\"auto, (max-width: 2560px) 100vw, 2560px\" \/><\/figure>\n<\/div>\n\n\n\n<div class=\"wp-block-column is-vertically-aligned-center has-global-padding is-layout-constrained wp-container-core-column-is-layout-c4a7d96a wp-block-column-is-layout-constrained\" style=\"flex-basis:50%\">\n<h3 class=\"wp-block-heading has-text-align-left has-primary-color has-text-color has-suranna-font-family\" style=\"margin-top:0.5rem;margin-bottom:0rem;font-size:clamp(24.034px, 1.502rem + ((1vw - 6.4px) * 2.495), 40px);font-style:normal;font-weight:500;letter-spacing:0px;line-height:1.3\">Services personnalis\u00e9s<\/h3>\n\n\n\n<hr class=\"wp-block-separator has-text-color has-primary-color has-alpha-channel-opacity has-primary-background-color has-background is-style-default\" style=\"margin-top:var(--wp--preset--spacing--x-small);margin-bottom:var(--wp--preset--spacing--x-small)\"\/>\n\n\n\n<p class=\"has-x-small-font-size\">Chez Les Feux d\u2019\u00c9t\u00e9 by Au Coin du Feu , notre engagement ne se limite pas \u00e0 vous fournir des produits de qualit\u00e9 exceptionnelle. Nous nous effor\u00e7ons \u00e9galement de vous offrir un service client\u00e8le in\u00e9gal\u00e9 pour accompagner chaque \u00e9tape de votre projet. Notre \u00e9quipe exp\u00e9riment\u00e9e est l\u00e0 pour vous conseiller sur le choix des chemin\u00e9es ext\u00e9rieures, bras\u00e9ros, br\u00fbleurs \u00e0 \u00e9thanol ou foyer gaz qui correspondent parfaitement \u00e0 vos besoins et \u00e0 votre espace.<\/p>\n\n\n\n<div style=\"height:15px\" aria-hidden=\"true\" class=\"wp-block-spacer\"><\/div>\n\n\n\n<p class=\"has-x-small-font-size\">Nous proposons des services de consultation personnalis\u00e9e o\u00f9 nous nous d\u00e9pla\u00e7ons chez vous pour \u00e9valuer votre espace ext\u00e9rieur et discuter de vos id\u00e9es et pr\u00e9f\u00e9rences. Gr\u00e2ce \u00e0 notre expertise approfondie dans le domaine, nous sommes en mesure de vous fournir des recommandations pr\u00e9cises pour maximiser le confort et l\u2019esth\u00e9tique de votre environnement ext\u00e9rieur, tout en respectant vos contraintes budg\u00e9taires.<\/p>\n<\/div>\n<\/div>\n<\/section>\n\n\n\n<section class=\"wp-block-group has-global-padding is-layout-constrained wp-container-core-group-is-layout-608bbd49 wp-block-group-is-layout-constrained\" style=\"margin-top:0px;padding-top:6rem;padding-right:1rem;padding-bottom:5rem;padding-left:1rem;font-size:clamp(0.875rem, 0.875rem + ((1vw - 0.4rem) * 0.638), 1.13rem);font-style:normal;font-weight:400;line-height:1.4\">\n<div class=\"wp-block-columns is-layout-flex wp-container-core-columns-is-layout-03ad6a19 wp-block-columns-is-layout-flex\" style=\"margin-bottom:0px\">\n<div class=\"wp-block-column is-vertically-aligned-center is-layout-flow wp-block-column-is-layout-flow\" style=\"flex-basis:50%\">\n<h3 class=\"wp-block-heading has-text-align-left has-primary-color has-text-color has-suranna-font-family\" style=\"margin-top:0.5rem;margin-bottom:0rem;font-size:clamp(24.034px, 1.502rem + ((1vw - 6.4px) * 2.495), 40px);font-style:normal;font-weight:500;letter-spacing:0px;line-height:1.3\">S\u00e9curit\u00e9 &amp; garantie<\/h3>\n\n\n\n<hr class=\"wp-block-separator has-text-color has-primary-color has-alpha-channel-opacity has-primary-background-color has-background is-style-default\" style=\"margin-top:var(--wp--preset--spacing--x-small);margin-bottom:var(--wp--preset--spacing--x-small)\"\/>\n\n\n\n<p class=\"has-text-align-left has-text-color has-pontano-sans-font-family has-x-small-font-size\" style=\"color:#000000;margin-top:20px;margin-bottom:20px;font-style:normal;font-weight:400;line-height:1.5\">Au-del\u00e0 de la simple vente, Au Coin du Feu \u2013 Les Feux d\u2019\u00c9t\u00e9 assure \u00e9galement l\u2019installation professionnelle de tous nos produits. Nos installateurs qualifi\u00e9s garantissent un montage pr\u00e9cis et s\u00e9curis\u00e9, vous offrant une tranquillit\u00e9 d\u2019esprit totale. Nous nous engageons \u00e0 respecter les normes les plus \u00e9lev\u00e9es en mati\u00e8re de s\u00e9curit\u00e9 et de performance, assurant ainsi une exp\u00e9rience d\u2019utilisation optimale de nos \u00e9quipements.<\/p>\n<\/div>\n\n\n\n<div class=\"wp-block-column is-vertically-aligned-center has-global-padding is-layout-constrained wp-container-core-column-is-layout-c4a7d96a wp-block-column-is-layout-constrained\" style=\"flex-basis:50%\">\n<figure class=\"wp-block-image aligncenter size-full is-resized\"><img loading=\"lazy\" decoding=\"async\" width=\"2560\" height=\"1435\" src=\"http:\/\/feuxdete.be\/wp-content\/uploads\/2024\/05\/cute-couple-spending-time-together-scaled.jpg\" alt=\"\" class=\"wp-image-116\" style=\"aspect-ratio:1;object-fit:cover;width:450px\" srcset=\"https:\/\/feuxdete.be\/wp-content\/uploads\/2024\/05\/cute-couple-spending-time-together-scaled.jpg 2560w, https:\/\/feuxdete.be\/wp-content\/uploads\/2024\/05\/cute-couple-spending-time-together-300x168.jpg 300w, https:\/\/feuxdete.be\/wp-content\/uploads\/2024\/05\/cute-couple-spending-time-together-1024x574.jpg 1024w, https:\/\/feuxdete.be\/wp-content\/uploads\/2024\/05\/cute-couple-spending-time-together-768x430.jpg 768w, https:\/\/feuxdete.be\/wp-content\/uploads\/2024\/05\/cute-couple-spending-time-together-1536x861.jpg 1536w, https:\/\/feuxdete.be\/wp-content\/uploads\/2024\/05\/cute-couple-spending-time-together-2048x1148.jpg 2048w\" sizes=\"auto, (max-width: 2560px) 100vw, 2560px\" \/><\/figure>\n<\/div>\n<\/div>\n<\/section>\n\n\n\n<section class=\"wp-block-group has-global-padding is-layout-constrained wp-container-core-group-is-layout-608bbd49 wp-block-group-is-layout-constrained\" style=\"margin-top:0px;padding-top:6rem;padding-right:1rem;padding-bottom:5rem;padding-left:1rem;font-size:clamp(0.875rem, 0.875rem + ((1vw - 0.4rem) * 0.638), 1.13rem);font-style:normal;font-weight:400;line-height:1.4\">\n<div class=\"wp-block-columns is-layout-flex wp-container-core-columns-is-layout-03ad6a19 wp-block-columns-is-layout-flex\" style=\"margin-bottom:0px\">\n<div class=\"wp-block-column is-vertically-aligned-center is-layout-flow wp-block-column-is-layout-flow\" style=\"flex-basis:50%\">\n<figure class=\"wp-block-image aligncenter size-full is-resized\"><img loading=\"lazy\" decoding=\"async\" width=\"2560\" height=\"1707\" src=\"http:\/\/feuxdete.be\/wp-content\/uploads\/2024\/05\/happy-customer-service-representative-using-computer-while-communicating-with-clients-online-scaled.jpg\" alt=\"\" class=\"wp-image-322\" style=\"aspect-ratio:1;object-fit:cover;width:450px\" srcset=\"https:\/\/feuxdete.be\/wp-content\/uploads\/2024\/05\/happy-customer-service-representative-using-computer-while-communicating-with-clients-online-scaled.jpg 2560w, https:\/\/feuxdete.be\/wp-content\/uploads\/2024\/05\/happy-customer-service-representative-using-computer-while-communicating-with-clients-online-300x200.jpg 300w, https:\/\/feuxdete.be\/wp-content\/uploads\/2024\/05\/happy-customer-service-representative-using-computer-while-communicating-with-clients-online-1024x683.jpg 1024w, https:\/\/feuxdete.be\/wp-content\/uploads\/2024\/05\/happy-customer-service-representative-using-computer-while-communicating-with-clients-online-768x512.jpg 768w, https:\/\/feuxdete.be\/wp-content\/uploads\/2024\/05\/happy-customer-service-representative-using-computer-while-communicating-with-clients-online-1536x1024.jpg 1536w, https:\/\/feuxdete.be\/wp-content\/uploads\/2024\/05\/happy-customer-service-representative-using-computer-while-communicating-with-clients-online-2048x1365.jpg 2048w\" sizes=\"auto, (max-width: 2560px) 100vw, 2560px\" \/><\/figure>\n<\/div>\n\n\n\n<div class=\"wp-block-column is-vertically-aligned-center has-global-padding is-layout-constrained wp-container-core-column-is-layout-c4a7d96a wp-block-column-is-layout-constrained\" style=\"flex-basis:50%\">\n<h3 class=\"wp-block-heading has-text-align-left has-primary-color has-text-color has-suranna-font-family\" style=\"margin-top:0.5rem;margin-bottom:0rem;font-size:clamp(24.034px, 1.502rem + ((1vw - 6.4px) * 2.495), 40px);font-style:normal;font-weight:500;letter-spacing:0px;line-height:1.3\">S.A.V (Service apr\u00e8s- vente)<\/h3>\n\n\n\n<hr class=\"wp-block-separator has-text-color has-primary-color has-alpha-channel-opacity has-primary-background-color has-background is-style-default\" style=\"margin-top:var(--wp--preset--spacing--x-small);margin-bottom:var(--wp--preset--spacing--x-small)\"\/>\n\n\n\n<p class=\"has-contrast-color has-text-color has-link-color has-x-small-font-size wp-elements-dfad97779a588cada95c6da307dbe4e2\">Enfin, notre service apr\u00e8s-vente est con\u00e7u pour r\u00e9pondre \u00e0 toutes vos questions et pr\u00e9occupations une fois votre installation termin\u00e9e. Que ce soit pour des ajustements mineurs, des conseils d\u2019entretien ou des informations sur nos garanties, notre \u00e9quipe reste \u00e0 votre disposition pour vous assister \u00e0 tout moment. Chez Les Feux d\u2019\u00c9t\u00e9 by Au Coin du Feu, notre objectif est de cr\u00e9er des espaces ext\u00e9rieurs o\u00f9 le confort, la beaut\u00e9 et la fonctionnalit\u00e9 se rencontrent harmonieusement, tout en vous offrant une exp\u00e9rience client exceptionnelle \u00e0 chaque \u00e9tape de votre projet.<\/p>\n\n\n\n<div style=\"height:15px\" aria-hidden=\"true\" class=\"wp-block-spacer\"><\/div>\n\n\n\n<p class=\"has-contrast-color has-text-color has-link-color has-x-small-font-size wp-elements-c4ed10fff180f53619eb69a2d21b8eb2\">D\u00e9couvrez comment nous d\u00e9passons les attentes en fournissant des conseils personnalis\u00e9s, des produits de qualit\u00e9 sup\u00e9rieure et des services d\u2019installation experts pour vos besoins en chauffage ext\u00e9rieur. Notre d\u00e9vouement \u00e0 l\u2019excellence a aliment\u00e9 notre croissance et notre innovation continues, nous permettant de devenir un partenaire de confiance pour les solutions de chauffage d\u2019ext\u00e9rieur.<\/p>\n\n\n\n<div style=\"height:15px\" aria-hidden=\"true\" class=\"wp-block-spacer\"><\/div>\n\n\n\n<p class=\"has-contrast-color has-text-color has-link-color has-x-small-font-size wp-elements-4cd3372ac1f67a0dd2f2fb29313667fe\">Chaque \u00e9tape de notre parcours a \u00e9t\u00e9 guid\u00e9e par notre engagement in\u00e9branlable \u00e0 am\u00e9liorer l\u2019exp\u00e9rience de vie en plein air de nos clients, en veillant \u00e0 ce qu\u2019ils re\u00e7oivent non seulement des produits de qualit\u00e9 sup\u00e9rieure, mais aussi des conseils d\u2019experts et un soutien de la part de notre \u00e9quipe exp\u00e9riment\u00e9e.<\/p>\n<\/div>\n<\/div>\n<\/section>\n<\/div>\n\n\n\n<section class=\"wp-block-cover alignfull\" style=\"margin-top:0px;padding-top:1.01rem;padding-bottom:1.01rem;min-height:300px;aspect-ratio:unset;\"><span aria-hidden=\"true\" class=\"wp-block-cover__background has-background-dim\" style=\"background-color:#007747\"><\/span><img loading=\"lazy\" decoding=\"async\" width=\"2560\" height=\"1707\" class=\"wp-block-cover__image-background wp-image-327\" alt=\"\" src=\"http:\/\/feuxdete.be\/wp-content\/uploads\/2024\/05\/night-campfire-night-1-scaled.jpg\" style=\"object-position:48% 70%\" data-object-fit=\"cover\" data-object-position=\"48% 70%\" srcset=\"https:\/\/feuxdete.be\/wp-content\/uploads\/2024\/05\/night-campfire-night-1-scaled.jpg 2560w, https:\/\/feuxdete.be\/wp-content\/uploads\/2024\/05\/night-campfire-night-1-300x200.jpg 300w, https:\/\/feuxdete.be\/wp-content\/uploads\/2024\/05\/night-campfire-night-1-1024x683.jpg 1024w, https:\/\/feuxdete.be\/wp-content\/uploads\/2024\/05\/night-campfire-night-1-768x512.jpg 768w, https:\/\/feuxdete.be\/wp-content\/uploads\/2024\/05\/night-campfire-night-1-1536x1024.jpg 1536w, https:\/\/feuxdete.be\/wp-content\/uploads\/2024\/05\/night-campfire-night-1-2048x1365.jpg 2048w\" sizes=\"auto, (max-width: 2560px) 100vw, 2560px\" \/><div class=\"wp-block-cover__inner-container has-global-padding is-layout-constrained wp-container-core-cover-is-layout-b1bebcb3 wp-block-cover-is-layout-constrained\">\n<div class=\"wp-block-group has-text-color is-layout-flow wp-block-group-is-layout-flow\" style=\"color:#fffffd;margin-top:0px;padding-top:0rem;padding-right:1rem;padding-bottom:0rem;padding-left:1rem;font-size:clamp(0.875rem, 0.875rem + ((1vw - 0.4rem) * 0.638), 1.13rem);font-style:normal;font-weight:400;line-height:1.4\">\n<div class=\"wp-block-group has-global-padding is-layout-constrained wp-container-core-group-is-layout-bdbfdc43 wp-block-group-is-layout-constrained\">\n<p class=\"has-text-align-center has-text-color\" style=\"color:#fffffd;margin-bottom:0rem;font-size:clamp(1.25rem, 1.25rem + ((1vw - 0.4rem) * 1.875), 2rem);font-style:normal;font-weight:400;line-height:1.2\">Apportez chaleur et \u00e9l\u00e9gance \u00e0 votre maison gr\u00e2ce \u00e0 nos chemin\u00e9es, inserts et foyers exceptionnels.<\/p>\n<\/div>\n<\/div>\n<\/div><\/section>\n","protected":false},"excerpt":{"rendered":"<p>Services personnalis\u00e9s Chez Les Feux d\u2019\u00c9t\u00e9 by Au Coin du Feu , notre engagement ne se limite pas \u00e0 vous fournir des produits de qualit\u00e9 exceptionnelle. Nous nous effor\u00e7ons \u00e9galement de vous offrir un service client\u00e8le in\u00e9gal\u00e9 pour accompagner chaque \u00e9tape de votre projet. Notre \u00e9quipe exp\u00e9riment\u00e9e est l\u00e0 pour vous conseiller sur le choix [&hellip;]<\/p>\n","protected":false},"author":1,"featured_media":0,"parent":0,"menu_order":0,"comment_status":"closed","ping_status":"closed","template":"","meta":{"footnotes":""},"class_list":["post-41","page","type-page","status-publish","hentry"],"_links":{"self":[{"href":"https:\/\/feuxdete.be\/index.php\/wp-json\/wp\/v2\/pages\/41","targetHints":{"allow":["GET"]}}],"collection":[{"href":"https:\/\/feuxdete.be\/index.php\/wp-json\/wp\/v2\/pages"}],"about":[{"href":"https:\/\/feuxdete.be\/index.php\/wp-json\/wp\/v2\/types\/page"}],"author":[{"embeddable":true,"href":"https:\/\/feuxdete.be\/index.php\/wp-json\/wp\/v2\/users\/1"}],"replies":[{"embeddable":true,"href":"https:\/\/feuxdete.be\/index.php\/wp-json\/wp\/v2\/comments?post=41"}],"version-history":[{"count":17,"href":"https:\/\/feuxdete.be\/index.php\/wp-json\/wp\/v2\/pages\/41\/revisions"}],"predecessor-version":[{"id":572,"href":"https:\/\/feuxdete.be\/index.php\/wp-json\/wp\/v2\/pages\/41\/revisions\/572"}],"wp:attachment":[{"href":"https:\/\/feuxdete.be\/index.php\/wp-json\/wp\/v2\/media?parent=41"}],"curies":[{"name":"wp","href":"https:\/\/api.w.org\/{rel}","templated":true}]}}